{"id":96,"date":"2021-07-01T17:25:47","date_gmt":"2021-07-01T15:25:47","guid":{"rendered":"https:\/\/camping-daon.fr\/?page_id=96"},"modified":"2023-04-14T12:02:41","modified_gmt":"2023-04-14T10:02:41","slug":"decouvrir","status":"publish","type":"page","link":"https:\/\/camping-daon.fr\/index.php\/decouvrir\/","title":{"rendered":"D\u00c9COUVRIR"},"content":{"rendered":"\n<div class=\"wp-block-cover aligncenter is-light\" style=\"min-height:232px;aspect-ratio:unset;\"><span aria-hidden=\"true\" class=\"wp-block-cover__background has-cyan-bluish-gray-background-color has-background-dim-60 has-background-dim\"><\/span><img decoding=\"async\" class=\"wp-block-cover__image-background wp-image-664 lazyload\" alt=\"\" data-src=\"https:\/\/camping-chateau-gontier.fr\/wp-content\/uploads\/2022\/10\/Camping-parc-Choteau-Gontier-CP-P.Beltrami-Mayenne-Tourisme-8-scaled.jpg\" style=\"object-position:55% 53%\" data-object-fit=\"cover\" data-object-position=\"55% 53%\" src=\"data:image\/svg+xml;base64,PHN2ZyB3aWR0aD0iMSIgaGVpZ2h0PSIxIiB4bWxucz0iaHR0cDovL3d3dy53My5vcmcvMjAwMC9zdmciPjwvc3ZnPg==\" \/><div class=\"wp-block-cover__inner-container is-layout-flow wp-block-cover-is-layout-flow\">\n<p class=\"has-text-align-center has-large-font-size\"><mark style=\"background-color:rgba(0, 0, 0, 0)\" class=\"has-inline-color has-white-color\"><a href=\"https:\/\/camping-daon.fr\/index.php\/772-2\/\">LE TERRITOIRE<\/a><\/mark><\/p>\n<\/div><\/div>\n\n\n\n<div style=\"height:30px\" aria-hidden=\"true\" class=\"wp-block-spacer\"><\/div>\n\n\n\n<div class=\"wp-block-cover aligncenter is-light\" style=\"min-height:232px;aspect-ratio:unset;\"><span aria-hidden=\"true\" class=\"wp-block-cover__background has-cyan-bluish-gray-background-color has-background-dim-60 has-background-dim\"><\/span><img decoding=\"async\" class=\"wp-block-cover__image-background wp-image-368 lazyload\" alt=\"\" data-src=\"https:\/\/camping-chateau-gontier.fr\/wp-content\/uploads\/2021\/10\/animations.jpg\" style=\"object-position:58% 48%\" data-object-fit=\"cover\" data-object-position=\"58% 48%\" src=\"data:image\/svg+xml;base64,PHN2ZyB3aWR0aD0iMSIgaGVpZ2h0PSIxIiB4bWxucz0iaHR0cDovL3d3dy53My5vcmcvMjAwMC9zdmciPjwvc3ZnPg==\" \/><div class=\"wp-block-cover__inner-container is-layout-flow wp-block-cover-is-layout-flow\">\n<p class=\"has-text-align-center has-large-font-size\"><a href=\"https:\/\/camping-daon.fr\/index.php\/agenda\/\">AGENDA<\/a><\/p>\n<\/div><\/div>\n\n\n\n<div style=\"height:30px\" aria-hidden=\"true\" class=\"wp-block-spacer\"><\/div>\n\n\n\n<div class=\"wp-block-cover aligncenter is-light\" style=\"min-height:232px;aspect-ratio:unset;\"><span aria-hidden=\"true\" class=\"wp-block-cover__background has-cyan-bluish-gray-background-color has-background-dim-60 has-background-dim\"><\/span><img decoding=\"async\" class=\"wp-block-cover__image-background wp-image-333 lazyload\" alt=\"\" data-src=\"http:\/\/camping-chateau-gontier.fr\/wp-content\/uploads\/2021\/10\/camping-du-parc-cdt53-sudmayenne-jdo-billaud-nautilus-2011-6-scaled.jpg\" style=\"object-position:57% 30%\" data-object-fit=\"cover\" data-object-position=\"57% 30%\" src=\"data:image\/svg+xml;base64,PHN2ZyB3aWR0aD0iMSIgaGVpZ2h0PSIxIiB4bWxucz0iaHR0cDovL3d3dy53My5vcmcvMjAwMC9zdmciPjwvc3ZnPg==\" \/><div class=\"wp-block-cover__inner-container is-layout-flow wp-block-cover-is-layout-flow\">\n<p class=\"has-text-align-center has-large-font-size\"><a href=\"https:\/\/camping-daon.fr\/index.php\/la-velo-francette\/\">LE SUD MAYENNE \u00c0 VELO<\/a><\/p>\n<\/div><\/div>\n\n\n\n<div style=\"height:50px\" aria-hidden=\"true\" class=\"wp-block-spacer\"><\/div>\n\n\n\n<h2 class=\"has-text-align-center wp-block-heading\"><mark style=\"background-color:rgba(0, 0, 0, 0)\" class=\"has-inline-color has-vivid-purple-color\">Slowlydays en Mayenne, la vraie destination c&#8217;est vous !<\/mark><\/h2>\n\n\n\n<iframe width=\"616\" height=\"346\" data-src=\"https:\/\/www.youtube.com\/embed\/N2wpwjPffkk\" title=\"YouTube video player\" frameborder=\"0\" allow=\"accelerometer; autoplay; clipboard-write; encrypted-media; gyroscope; picture-in-picture\" allowfullscreen=\"\" src=\"data:image\/svg+xml;base64,PHN2ZyB3aWR0aD0iMSIgaGVpZ2h0PSIxIiB4bWxucz0iaHR0cDovL3d3dy53My5vcmcvMjAwMC9zdmciPjwvc3ZnPg==\" class=\"lazyload\" data-load-mode=\"1\"><\/iframe>\n\n\n\n<div style=\"height:50px\" aria-hidden=\"true\" class=\"wp-block-spacer\"><\/div>\n\n\n\n<h2 class=\"has-text-align-center wp-block-heading\"><mark style=\"background-color:rgba(0, 0, 0, 0)\" class=\"has-inline-color has-vivid-purple-color\">Pour Aller Plus Loin, Consultez Les Liens Ci-Dessous<\/mark><\/h2>\n\n\n\n<hr class=\"wp-block-separator has-css-opacity\"\/>\n\n\n\n<div style=\"height:30px\" aria-hidden=\"true\" class=\"wp-block-spacer\"><\/div>\n\n\n\n<div class=\"wp-block-media-text alignwide is-stacked-on-mobile\" style=\"grid-template-columns:26% auto\"><figure class=\"wp-block-media-text__media\"><a href=\"http:\/\/sudmayenne.com\/\" target=\"_blank\" rel=\"noopener\"><img decoding=\"async\" data-src=\"https:\/\/camping-chateau-gontier.fr\/wp-content\/uploads\/2021\/10\/sud-mayenne-com.jpg\" alt=\"\" class=\"wp-image-403 size-full lazyload\" src=\"data:image\/svg+xml;base64,PHN2ZyB3aWR0aD0iMSIgaGVpZ2h0PSIxIiB4bWxucz0iaHR0cDovL3d3dy53My5vcmcvMjAwMC9zdmciPjwvc3ZnPg==\" \/><\/a><\/figure><div class=\"wp-block-media-text__content\">\n<p>Sur<span class=\"has-inline-color has-luminous-vivid-orange-color\"> <\/span><strong><a rel=\"noreferrer noopener\" href=\"http:\/\/sudmayenne.com\/\" data-type=\"URL\" data-id=\"http:\/\/sudmayenne.com\/\" target=\"_blank\"><span style=\"color:#8124e4\" class=\"has-inline-color\">www.sudmayenne.com <\/span><\/a><\/strong>retrouvez toutes les infos pour pr\u00e9parer votre s\u00e9jour : loisirs, visites, restaurants, agenda\u2026<\/p>\n<\/div><\/div>\n\n\n\n<div style=\"height:50px\" aria-hidden=\"true\" class=\"wp-block-spacer\"><\/div>\n\n\n\n<div class=\"wp-block-media-text alignwide is-stacked-on-mobile\" style=\"grid-template-columns:26% auto\"><figure class=\"wp-block-media-text__media\"><a href=\"https:\/\/www.mayenne-tourisme.com\/\" target=\"_blank\" rel=\"noopener\"><img decoding=\"async\" data-src=\"http:\/\/camping-chateau-gontier.fr\/wp-content\/uploads\/2021\/10\/Logo-Destination-Mayenne-couleur.jpg\" alt=\"\" class=\"wp-image-385 size-full lazyload\" src=\"data:image\/svg+xml;base64,PHN2ZyB3aWR0aD0iMSIgaGVpZ2h0PSIxIiB4bWxucz0iaHR0cDovL3d3dy53My5vcmcvMjAwMC9zdmciPjwvc3ZnPg==\" \/><\/a><\/figure><div class=\"wp-block-media-text__content\">\n<p>Profitez de votre s\u00e9jour au <strong><mark style=\"background-color:rgba(0, 0, 0, 0);color:#8124e4\" class=\"has-inline-color\">Camping des Rivi\u00e8res***<\/mark><\/strong> pour d\u00e9couvrir les richesses<mark style=\"background-color:rgba(0, 0, 0, 0)\" class=\"has-inline-color has-black-color\"> <\/mark><mark style=\"background-color:rgba(0, 0, 0, 0);color:#8124e4\" class=\"has-inline-color\">de la Mayenne : <a data-type=\"URL\" data-id=\"https:\/\/www.mayenne-tourisme.com\/\" href=\"https:\/\/www.mayenne-tourisme.com\/\" target=\"_blank\" rel=\"noreferrer noopener\"><strong>www.mayenne-tourisme.com<\/strong><\/a><\/mark><\/p>\n<\/div><\/div>\n\n\n\n<div style=\"height:50px\" aria-hidden=\"true\" class=\"wp-block-spacer\"><\/div>\n\n\n\n<div class=\"wp-block-media-text alignwide is-stacked-on-mobile\" style=\"grid-template-columns:25% auto\"><figure class=\"wp-block-media-text__media\"><img decoding=\"async\" data-src=\"https:\/\/camping-chateau-gontier.fr\/wp-content\/uploads\/2021\/10\/logo-enpaysdelaloire.jpg\" alt=\"\" class=\"wp-image-407 size-full lazyload\" src=\"data:image\/svg+xml;base64,PHN2ZyB3aWR0aD0iMSIgaGVpZ2h0PSIxIiB4bWxucz0iaHR0cDovL3d3dy53My5vcmcvMjAwMC9zdmciPjwvc3ZnPg==\" \/><\/figure><div class=\"wp-block-media-text__content\">\n<p>Vous souhaitez ne rien manquer lors de votre s\u00e9jour ? D\u00e9couvrez les richesses de la<span style=\"color:#8124e4\" class=\"has-inline-color\"> <strong>R\u00e9gion des Pays de La Loire<\/strong><\/span><strong><span class=\"has-inline-color has-luminous-vivid-orange-color\"> <\/span><\/strong>: <strong><a rel=\"noreferrer noopener\" href=\"https:\/\/www.enpaysdelaloire.com\/\" data-type=\"URL\" data-id=\"https:\/\/www.enpaysdelaloire.com\/\" target=\"_blank\"><span style=\"color:#8124e4\" class=\"has-inline-color\">www.enpaysdelaloire.com<\/span><\/a><\/strong><\/p>\n<\/div><\/div>\n\n\n\n<div style=\"height:50px\" aria-hidden=\"true\" class=\"wp-block-spacer\"><\/div>\n\n\n\n<div class=\"wp-block-media-text alignwide is-stacked-on-mobile\" style=\"grid-template-columns:26% auto\"><figure class=\"wp-block-media-text__media\"><a href=\"https:\/\/www.lavelofrancette.com\/\" target=\"_blank\" rel=\"noopener\"><img decoding=\"async\" data-src=\"https:\/\/camping-chateau-gontier.fr\/wp-content\/uploads\/2021\/10\/La_Velo_Francette.png\" alt=\"\" class=\"wp-image-405 size-full lazyload\" src=\"data:image\/svg+xml;base64,PHN2ZyB3aWR0aD0iMSIgaGVpZ2h0PSIxIiB4bWxucz0iaHR0cDovL3d3dy53My5vcmcvMjAwMC9zdmciPjwvc3ZnPg==\" \/><\/a><\/figure><div class=\"wp-block-media-text__content\">\n<p>De la Normandie \u00e0 l\u2019Atlantique, de Ouistreham \u00e0 La Rochelle, la <strong><span style=\"color:#8124e4\" class=\"has-inline-color\">V\u00e9lo Francette<\/span><\/strong> ce sont 600 km qui vous font d\u00e9couvrir les saveurs d\u2019une douce France : <strong><a rel=\"noreferrer noopener\" href=\"https:\/\/www.lavelofrancette.com\/\" data-type=\"URL\" data-id=\"https:\/\/www.lavelofrancette.com\/\" target=\"_blank\"><span style=\"color:#8124e4\" class=\"has-inline-color\">www.lavelofrancette.com<\/span><\/a><\/strong><\/p>\n<\/div><\/div>\n\n\n\n<div style=\"height:50px\" aria-hidden=\"true\" class=\"wp-block-spacer\"><\/div>\n\n\n\n<div class=\"wp-block-media-text alignwide is-stacked-on-mobile\" style=\"grid-template-columns:25% auto\"><figure class=\"wp-block-media-text__media\"><img decoding=\"async\" data-src=\"https:\/\/camping-chateau-gontier.fr\/wp-content\/uploads\/2021\/10\/LOGO-CCPCG.jpg\" alt=\"\" class=\"wp-image-408 size-full lazyload\" src=\"data:image\/svg+xml;base64,PHN2ZyB3aWR0aD0iMSIgaGVpZ2h0PSIxIiB4bWxucz0iaHR0cDovL3d3dy53My5vcmcvMjAwMC9zdmciPjwvc3ZnPg==\" \/><\/figure><div class=\"wp-block-media-text__content\">\n<p>Bienvenue au Pays de Ch\u00e2teau-Gontier : <strong><a rel=\"noreferrer noopener\" href=\"http:\/\/www.chateaugontier.fr\/\" data-type=\"URL\" data-id=\"http:\/\/www.chateaugontier.fr\/\" target=\"_blank\"><span style=\"color:#8124e4\" class=\"has-inline-color\">www.chateaugontier.fr<\/span><\/a><\/strong><\/p>\n<\/div><\/div>\n\n\n\n<figure class=\"wp-block-image size-full is-resized\"><a href=\"https:\/\/www.plusbeauxdetours.com\/tous-les-plus-beaux-detours\/detour-par-chateau-gontier-en-mayenne\/\"><img decoding=\"async\" data-src=\"https:\/\/camping-daon.fr\/wp-content\/uploads\/2023\/04\/logo-plus-beaux-detours-de-france-1.jpg\" alt=\"\" class=\"wp-image-833 lazyload\" width=\"149\" height=\"214\" data-srcset=\"https:\/\/camping-daon.fr\/wp-content\/uploads\/2023\/04\/logo-plus-beaux-detours-de-france-1.jpg 299w, https:\/\/camping-daon.fr\/wp-content\/uploads\/2023\/04\/logo-plus-beaux-detours-de-france-1-208x300.jpg 208w\" data-sizes=\"(max-width: 149px) 100vw, 149px\" src=\"data:image\/svg+xml;base64,PHN2ZyB3aWR0aD0iMSIgaGVpZ2h0PSIxIiB4bWxucz0iaHR0cDovL3d3dy53My5vcmcvMjAwMC9zdmciPjwvc3ZnPg==\" style=\"--smush-placeholder-width: 149px; --smush-placeholder-aspect-ratio: 149\/214;\" \/><\/a><figcaption class=\"wp-element-caption\">Bienvenue sur un territoire labellis\u00e9 Plus Beaux D\u00e9tours de France<\/figcaption><\/figure>\n","protected":false},"excerpt":{"rendered":"<p>Slowlydays en Mayenne, la vraie destination c&#8217;est vous ! Pour Aller Plus Loin, Consultez Les Liens Ci-Dessous Sur www.sudmayenne.com retrouvez toutes les infos pour pr\u00e9parer votre s\u00e9jour : loisirs, visites, restaurants, agenda\u2026 Profitez de votre s\u00e9jour au Camping des Rivi\u00e8res*** pour d\u00e9couvrir les richesses de la Mayenne : www.mayenne-tourisme.com Vous souhaitez ne rien manquer lors [&hellip;]<\/p>\n","protected":false},"author":1,"featured_media":0,"parent":0,"menu_order":0,"comment_status":"closed","ping_status":"closed","template":"","meta":{"footnotes":""},"class_list":["post-96","page","type-page","status-publish","hentry","entry"],"yoast_head":"<!-- This site is optimized with the Yoast SEO plugin v26.8 - https:\/\/yoast.com\/product\/yoast-seo-wordpress\/ -->\n<title>D\u00c9COUVRIR - Camping des Rivi\u00e8res de Daon<\/title>\n<meta name=\"robots\" content=\"index, follow, max-snippet:-1, max-image-preview:large, max-video-preview:-1\" \/>\n<link rel=\"canonical\" href=\"https:\/\/camping-daon.fr\/index.php\/decouvrir\/\" \/>\n<meta property=\"og:locale\" content=\"fr_FR\" \/>\n<meta property=\"og:type\" content=\"article\" \/>\n<meta property=\"og:title\" content=\"D\u00c9COUVRIR - Camping des Rivi\u00e8res de Daon\" \/>\n<meta property=\"og:description\" content=\"Slowlydays en Mayenne, la vraie destination c&#8217;est vous ! Pour Aller Plus Loin, Consultez Les Liens Ci-Dessous Sur www.sudmayenne.com retrouvez toutes les infos pour pr\u00e9parer votre s\u00e9jour : loisirs, visites, restaurants, agenda\u2026 Profitez de votre s\u00e9jour au Camping des Rivi\u00e8res*** pour d\u00e9couvrir les richesses de la Mayenne : www.mayenne-tourisme.com Vous souhaitez ne rien manquer lors [&hellip;]\" \/>\n<meta property=\"og:url\" content=\"https:\/\/camping-daon.fr\/index.php\/decouvrir\/\" \/>\n<meta property=\"og:site_name\" content=\"Camping des Rivi\u00e8res de Daon\" \/>\n<meta property=\"article:publisher\" content=\"https:\/\/www.facebook.com\/Camping-des-Rivires-Daon--114946232015582\" \/>\n<meta property=\"article:modified_time\" content=\"2023-04-14T10:02:41+00:00\" \/>\n<meta property=\"og:image\" content=\"https:\/\/camping-chateau-gontier.fr\/wp-content\/uploads\/2022\/10\/Camping-parc-Choteau-Gontier-CP-P.Beltrami-Mayenne-Tourisme-8-scaled.jpg\" \/>\n<meta name=\"twitter:card\" content=\"summary_large_image\" \/>\n<meta name=\"twitter:label1\" content=\"Dur\u00e9e de lecture estim\u00e9e\" \/>\n\t<meta name=\"twitter:data1\" content=\"3 minutes\" \/>\n<script type=\"application\/ld+json\" class=\"yoast-schema-graph\">{\"@context\":\"https:\/\/schema.org\",\"@graph\":[{\"@type\":\"WebPage\",\"@id\":\"https:\/\/camping-daon.fr\/index.php\/decouvrir\/\",\"url\":\"https:\/\/camping-daon.fr\/index.php\/decouvrir\/\",\"name\":\"D\u00c9COUVRIR - Camping des Rivi\u00e8res de Daon\",\"isPartOf\":{\"@id\":\"https:\/\/camping-daon.fr\/#website\"},\"primaryImageOfPage\":{\"@id\":\"https:\/\/camping-daon.fr\/index.php\/decouvrir\/#primaryimage\"},\"image\":{\"@id\":\"https:\/\/camping-daon.fr\/index.php\/decouvrir\/#primaryimage\"},\"thumbnailUrl\":\"https:\/\/camping-chateau-gontier.fr\/wp-content\/uploads\/2022\/10\/Camping-parc-Choteau-Gontier-CP-P.Beltrami-Mayenne-Tourisme-8-scaled.jpg\",\"datePublished\":\"2021-07-01T15:25:47+00:00\",\"dateModified\":\"2023-04-14T10:02:41+00:00\",\"breadcrumb\":{\"@id\":\"https:\/\/camping-daon.fr\/index.php\/decouvrir\/#breadcrumb\"},\"inLanguage\":\"fr-FR\",\"potentialAction\":[{\"@type\":\"ReadAction\",\"target\":[\"https:\/\/camping-daon.fr\/index.php\/decouvrir\/\"]}]},{\"@type\":\"ImageObject\",\"inLanguage\":\"fr-FR\",\"@id\":\"https:\/\/camping-daon.fr\/index.php\/decouvrir\/#primaryimage\",\"url\":\"https:\/\/camping-chateau-gontier.fr\/wp-content\/uploads\/2022\/10\/Camping-parc-Choteau-Gontier-CP-P.Beltrami-Mayenne-Tourisme-8-scaled.jpg\",\"contentUrl\":\"https:\/\/camping-chateau-gontier.fr\/wp-content\/uploads\/2022\/10\/Camping-parc-Choteau-Gontier-CP-P.Beltrami-Mayenne-Tourisme-8-scaled.jpg\"},{\"@type\":\"BreadcrumbList\",\"@id\":\"https:\/\/camping-daon.fr\/index.php\/decouvrir\/#breadcrumb\",\"itemListElement\":[{\"@type\":\"ListItem\",\"position\":1,\"name\":\"Accueil\",\"item\":\"https:\/\/camping-daon.fr\/\"},{\"@type\":\"ListItem\",\"position\":2,\"name\":\"D\u00c9COUVRIR\"}]},{\"@type\":\"WebSite\",\"@id\":\"https:\/\/camping-daon.fr\/#website\",\"url\":\"https:\/\/camping-daon.fr\/\",\"name\":\"Camping des Rivi\u00e8res de Daon\",\"description\":\"Bienvenue au Camping des Rivi\u00e8res\",\"publisher\":{\"@id\":\"https:\/\/camping-daon.fr\/#organization\"},\"potentialAction\":[{\"@type\":\"SearchAction\",\"target\":{\"@type\":\"EntryPoint\",\"urlTemplate\":\"https:\/\/camping-daon.fr\/?s={search_term_string}\"},\"query-input\":{\"@type\":\"PropertyValueSpecification\",\"valueRequired\":true,\"valueName\":\"search_term_string\"}}],\"inLanguage\":\"fr-FR\"},{\"@type\":\"Organization\",\"@id\":\"https:\/\/camping-daon.fr\/#organization\",\"name\":\"Communaut\u00e9 de Communes du Pays de Ch\u00e2teau-Gontier\",\"url\":\"https:\/\/camping-daon.fr\/\",\"logo\":{\"@type\":\"ImageObject\",\"inLanguage\":\"fr-FR\",\"@id\":\"https:\/\/camping-daon.fr\/#\/schema\/logo\/image\/\",\"url\":\"https:\/\/camping-daon.fr\/wp-content\/uploads\/2021\/06\/cropped-cropped-logo02.jpg\",\"contentUrl\":\"https:\/\/camping-daon.fr\/wp-content\/uploads\/2021\/06\/cropped-cropped-logo02.jpg\",\"width\":512,\"height\":512,\"caption\":\"Communaut\u00e9 de Communes du Pays de Ch\u00e2teau-Gontier\"},\"image\":{\"@id\":\"https:\/\/camping-daon.fr\/#\/schema\/logo\/image\/\"},\"sameAs\":[\"https:\/\/www.facebook.com\/Camping-des-Rivires-Daon--114946232015582\"]}]}<\/script>\n<!-- \/ Yoast SEO plugin. -->","yoast_head_json":{"title":"D\u00c9COUVRIR - Camping des Rivi\u00e8res de Daon","robots":{"index":"index","follow":"follow","max-snippet":"max-snippet:-1","max-image-preview":"max-image-preview:large","max-video-preview":"max-video-preview:-1"},"canonical":"https:\/\/camping-daon.fr\/index.php\/decouvrir\/","og_locale":"fr_FR","og_type":"article","og_title":"D\u00c9COUVRIR - Camping des Rivi\u00e8res de Daon","og_description":"Slowlydays en Mayenne, la vraie destination c&#8217;est vous ! Pour Aller Plus Loin, Consultez Les Liens Ci-Dessous Sur www.sudmayenne.com retrouvez toutes les infos pour pr\u00e9parer votre s\u00e9jour : loisirs, visites, restaurants, agenda\u2026 Profitez de votre s\u00e9jour au Camping des Rivi\u00e8res*** pour d\u00e9couvrir les richesses de la Mayenne : www.mayenne-tourisme.com Vous souhaitez ne rien manquer lors [&hellip;]","og_url":"https:\/\/camping-daon.fr\/index.php\/decouvrir\/","og_site_name":"Camping des Rivi\u00e8res de Daon","article_publisher":"https:\/\/www.facebook.com\/Camping-des-Rivires-Daon--114946232015582","article_modified_time":"2023-04-14T10:02:41+00:00","og_image":[{"url":"https:\/\/camping-chateau-gontier.fr\/wp-content\/uploads\/2022\/10\/Camping-parc-Choteau-Gontier-CP-P.Beltrami-Mayenne-Tourisme-8-scaled.jpg","type":"","width":"","height":""}],"twitter_card":"summary_large_image","twitter_misc":{"Dur\u00e9e de lecture estim\u00e9e":"3 minutes"},"schema":{"@context":"https:\/\/schema.org","@graph":[{"@type":"WebPage","@id":"https:\/\/camping-daon.fr\/index.php\/decouvrir\/","url":"https:\/\/camping-daon.fr\/index.php\/decouvrir\/","name":"D\u00c9COUVRIR - Camping des Rivi\u00e8res de Daon","isPartOf":{"@id":"https:\/\/camping-daon.fr\/#website"},"primaryImageOfPage":{"@id":"https:\/\/camping-daon.fr\/index.php\/decouvrir\/#primaryimage"},"image":{"@id":"https:\/\/camping-daon.fr\/index.php\/decouvrir\/#primaryimage"},"thumbnailUrl":"https:\/\/camping-chateau-gontier.fr\/wp-content\/uploads\/2022\/10\/Camping-parc-Choteau-Gontier-CP-P.Beltrami-Mayenne-Tourisme-8-scaled.jpg","datePublished":"2021-07-01T15:25:47+00:00","dateModified":"2023-04-14T10:02:41+00:00","breadcrumb":{"@id":"https:\/\/camping-daon.fr\/index.php\/decouvrir\/#breadcrumb"},"inLanguage":"fr-FR","potentialAction":[{"@type":"ReadAction","target":["https:\/\/camping-daon.fr\/index.php\/decouvrir\/"]}]},{"@type":"ImageObject","inLanguage":"fr-FR","@id":"https:\/\/camping-daon.fr\/index.php\/decouvrir\/#primaryimage","url":"https:\/\/camping-chateau-gontier.fr\/wp-content\/uploads\/2022\/10\/Camping-parc-Choteau-Gontier-CP-P.Beltrami-Mayenne-Tourisme-8-scaled.jpg","contentUrl":"https:\/\/camping-chateau-gontier.fr\/wp-content\/uploads\/2022\/10\/Camping-parc-Choteau-Gontier-CP-P.Beltrami-Mayenne-Tourisme-8-scaled.jpg"},{"@type":"BreadcrumbList","@id":"https:\/\/camping-daon.fr\/index.php\/decouvrir\/#breadcrumb","itemListElement":[{"@type":"ListItem","position":1,"name":"Accueil","item":"https:\/\/camping-daon.fr\/"},{"@type":"ListItem","position":2,"name":"D\u00c9COUVRIR"}]},{"@type":"WebSite","@id":"https:\/\/camping-daon.fr\/#website","url":"https:\/\/camping-daon.fr\/","name":"Camping des Rivi\u00e8res de Daon","description":"Bienvenue au Camping des Rivi\u00e8res","publisher":{"@id":"https:\/\/camping-daon.fr\/#organization"},"potentialAction":[{"@type":"SearchAction","target":{"@type":"EntryPoint","urlTemplate":"https:\/\/camping-daon.fr\/?s={search_term_string}"},"query-input":{"@type":"PropertyValueSpecification","valueRequired":true,"valueName":"search_term_string"}}],"inLanguage":"fr-FR"},{"@type":"Organization","@id":"https:\/\/camping-daon.fr\/#organization","name":"Communaut\u00e9 de Communes du Pays de Ch\u00e2teau-Gontier","url":"https:\/\/camping-daon.fr\/","logo":{"@type":"ImageObject","inLanguage":"fr-FR","@id":"https:\/\/camping-daon.fr\/#\/schema\/logo\/image\/","url":"https:\/\/camping-daon.fr\/wp-content\/uploads\/2021\/06\/cropped-cropped-logo02.jpg","contentUrl":"https:\/\/camping-daon.fr\/wp-content\/uploads\/2021\/06\/cropped-cropped-logo02.jpg","width":512,"height":512,"caption":"Communaut\u00e9 de Communes du Pays de Ch\u00e2teau-Gontier"},"image":{"@id":"https:\/\/camping-daon.fr\/#\/schema\/logo\/image\/"},"sameAs":["https:\/\/www.facebook.com\/Camping-des-Rivires-Daon--114946232015582"]}]}},"_links":{"self":[{"href":"https:\/\/camping-daon.fr\/index.php\/wp-json\/wp\/v2\/pages\/96","targetHints":{"allow":["GET"]}}],"collection":[{"href":"https:\/\/camping-daon.fr\/index.php\/wp-json\/wp\/v2\/pages"}],"about":[{"href":"https:\/\/camping-daon.fr\/index.php\/wp-json\/wp\/v2\/types\/page"}],"author":[{"embeddable":true,"href":"https:\/\/camping-daon.fr\/index.php\/wp-json\/wp\/v2\/users\/1"}],"replies":[{"embeddable":true,"href":"https:\/\/camping-daon.fr\/index.php\/wp-json\/wp\/v2\/comments?post=96"}],"version-history":[{"count":11,"href":"https:\/\/camping-daon.fr\/index.php\/wp-json\/wp\/v2\/pages\/96\/revisions"}],"predecessor-version":[{"id":835,"href":"https:\/\/camping-daon.fr\/index.php\/wp-json\/wp\/v2\/pages\/96\/revisions\/835"}],"wp:attachment":[{"href":"https:\/\/camping-daon.fr\/index.php\/wp-json\/wp\/v2\/media?parent=96"}],"curies":[{"name":"wp","href":"https:\/\/api.w.org\/{rel}","templated":true}]}}