{"id":84,"date":"2021-06-30T17:40:03","date_gmt":"2021-06-30T15:40:03","guid":{"rendered":"https:\/\/camping-daon.fr\/?page_id=84"},"modified":"2022-11-04T16:39:48","modified_gmt":"2022-11-04T15:39:48","slug":"camping","status":"publish","type":"page","link":"https:\/\/camping-daon.fr\/index.php\/camping\/","title":{"rendered":"CAMPING"},"content":{"rendered":"\n<div class=\"wp-block-cover\" style=\"min-height:232px;aspect-ratio:unset;\"><span aria-hidden=\"true\" class=\"wp-block-cover__background has-background-dim-80 has-background-dim\" style=\"background-color:#8124e4\"><\/span><img decoding=\"async\" width=\"2000\" height=\"1332\" class=\"wp-block-cover__image-background wp-image-283 lazyload\" alt=\"\" data-src=\"http:\/\/camping-daon.fr\/wp-content\/uploads\/2021\/07\/cropped-daon-DJI_0106-2-2-scaled-6.jpg\" style=\"--smush-placeholder-width: 2000px; --smush-placeholder-aspect-ratio: 2000\/1332;object-position:73% 12%\" data-object-fit=\"cover\" data-object-position=\"73% 12%\" data-srcset=\"https:\/\/camping-daon.fr\/wp-content\/uploads\/2021\/07\/cropped-daon-DJI_0106-2-2-scaled-6.jpg 2000w, https:\/\/camping-daon.fr\/wp-content\/uploads\/2021\/07\/cropped-daon-DJI_0106-2-2-scaled-6-300x200.jpg 300w, https:\/\/camping-daon.fr\/wp-content\/uploads\/2021\/07\/cropped-daon-DJI_0106-2-2-scaled-6-1024x682.jpg 1024w, https:\/\/camping-daon.fr\/wp-content\/uploads\/2021\/07\/cropped-daon-DJI_0106-2-2-scaled-6-768x511.jpg 768w, https:\/\/camping-daon.fr\/wp-content\/uploads\/2021\/07\/cropped-daon-DJI_0106-2-2-scaled-6-1536x1023.jpg 1536w\" data-sizes=\"(max-width: 2000px) 100vw, 2000px\" src=\"data:image\/svg+xml;base64,PHN2ZyB3aWR0aD0iMSIgaGVpZ2h0PSIxIiB4bWxucz0iaHR0cDovL3d3dy53My5vcmcvMjAwMC9zdmciPjwvc3ZnPg==\" \/><div class=\"wp-block-cover__inner-container is-layout-flow wp-block-cover-is-layout-flow\">\n<p class=\"has-text-align-center has-white-color has-text-color has-large-font-size\"><a href=\"https:\/\/camping-daon.fr\/index.php\/presentation-du-camping\/\" data-type=\"URL\" data-id=\"https:\/\/camping-daon.fr\/index.php\/presentation-du-camping\/\"><span class=\"has-inline-color has-white-color\">Pr\u00e9sentation du camping<\/span><\/a><\/p>\n<\/div><\/div>\n\n\n\n<div style=\"height:30px\" aria-hidden=\"true\" class=\"wp-block-spacer\"><\/div>\n\n\n\n<div class=\"wp-block-cover\" style=\"min-height:232px;aspect-ratio:unset;\"><span aria-hidden=\"true\" class=\"wp-block-cover__background has-background-dim-80 has-background-dim\" style=\"background-color:#8124e4\"><\/span><img decoding=\"async\" width=\"1814\" height=\"859\" class=\"wp-block-cover__image-background wp-image-793 lazyload\" alt=\"\" data-src=\"https:\/\/camping-daon.fr\/wp-content\/uploads\/2022\/11\/Capture-decran-2022-11-04-162638.png\" style=\"--smush-placeholder-width: 1814px; --smush-placeholder-aspect-ratio: 1814\/859;object-position:40% 0%\" data-object-fit=\"cover\" data-object-position=\"40% 0%\" data-srcset=\"https:\/\/camping-daon.fr\/wp-content\/uploads\/2022\/11\/Capture-decran-2022-11-04-162638.png 1814w, https:\/\/camping-daon.fr\/wp-content\/uploads\/2022\/11\/Capture-decran-2022-11-04-162638-300x142.png 300w, https:\/\/camping-daon.fr\/wp-content\/uploads\/2022\/11\/Capture-decran-2022-11-04-162638-1024x485.png 1024w, https:\/\/camping-daon.fr\/wp-content\/uploads\/2022\/11\/Capture-decran-2022-11-04-162638-768x364.png 768w, https:\/\/camping-daon.fr\/wp-content\/uploads\/2022\/11\/Capture-decran-2022-11-04-162638-1536x727.png 1536w\" data-sizes=\"(max-width: 1814px) 100vw, 1814px\" src=\"data:image\/svg+xml;base64,PHN2ZyB3aWR0aD0iMSIgaGVpZ2h0PSIxIiB4bWxucz0iaHR0cDovL3d3dy53My5vcmcvMjAwMC9zdmciPjwvc3ZnPg==\" \/><div class=\"wp-block-cover__inner-container is-layout-flow wp-block-cover-is-layout-flow\">\n<p class=\"has-text-align-center has-large-font-size\"><a href=\"https:\/\/camping-daon.fr\/index.php\/plan-du-camping\/\" data-type=\"URL\" data-id=\"https:\/\/camping-daon.fr\/index.php\/plan-du-camping\/\"><span class=\"has-inline-color has-white-color\">Plan du camping<\/span><\/a><\/p>\n<\/div><\/div>\n\n\n\n<div style=\"height:30px\" aria-hidden=\"true\" class=\"wp-block-spacer\"><\/div>\n\n\n\n<div class=\"wp-block-cover\" style=\"min-height:232px;aspect-ratio:unset;\"><span aria-hidden=\"true\" class=\"wp-block-cover__background has-background-dim-80 has-background-dim\" style=\"background-color:#8124e4\"><\/span><img decoding=\"async\" width=\"1224\" height=\"1107\" class=\"wp-block-cover__image-background wp-image-470 lazyload\" alt=\"\" data-src=\"http:\/\/camping-daon.fr\/wp-content\/uploads\/2021\/11\/tarifs-camping-daon-2021.jpg\" style=\"--smush-placeholder-width: 1224px; --smush-placeholder-aspect-ratio: 1224\/1107;object-position:25% 17%\" data-object-fit=\"cover\" data-object-position=\"25% 17%\" data-srcset=\"https:\/\/camping-daon.fr\/wp-content\/uploads\/2021\/11\/tarifs-camping-daon-2021.jpg 1224w, https:\/\/camping-daon.fr\/wp-content\/uploads\/2021\/11\/tarifs-camping-daon-2021-300x271.jpg 300w, https:\/\/camping-daon.fr\/wp-content\/uploads\/2021\/11\/tarifs-camping-daon-2021-1024x926.jpg 1024w, https:\/\/camping-daon.fr\/wp-content\/uploads\/2021\/11\/tarifs-camping-daon-2021-768x695.jpg 768w\" data-sizes=\"(max-width: 1224px) 100vw, 1224px\" src=\"data:image\/svg+xml;base64,PHN2ZyB3aWR0aD0iMSIgaGVpZ2h0PSIxIiB4bWxucz0iaHR0cDovL3d3dy53My5vcmcvMjAwMC9zdmciPjwvc3ZnPg==\" \/><div class=\"wp-block-cover__inner-container is-layout-flow wp-block-cover-is-layout-flow\">\n<p class=\"has-text-align-center has-large-font-size\"><a href=\"https:\/\/camping-daon.fr\/index.php\/tarifs-du-camping\/\" data-type=\"URL\" data-id=\"https:\/\/camping-daon.fr\/index.php\/tarifs-du-camping\/\"><span class=\"has-inline-color has-white-color\">Tarifs du camping<\/span><\/a><\/p>\n<\/div><\/div>\n\n\n\n<hr class=\"wp-block-separator has-css-opacity\"\/>\n\n\n\n<p style=\"text-align:center\"><iframe style=\"width: 500px; height: 590px; overflow: hidden;\" data-src=\"\/\/www.facebook.com\/plugins\/likebox.php?href=https%3A%2F%2Fwww.facebook.com%2Fpages%2FCamping-des-Rivi%25C3%25A8res%2F114946232015582%3Ffref%3Dts&amp;width=500&amp;height=590&amp;colorscheme=light&amp;show_faces=true&amp;header=true&amp;stream=true&amp;show_border=true\" scrolling=\"no\" width=\"320\" height=\"240\" frameborder=\"0\" src=\"data:image\/svg+xml;base64,PHN2ZyB3aWR0aD0iMSIgaGVpZ2h0PSIxIiB4bWxucz0iaHR0cDovL3d3dy53My5vcmcvMjAwMC9zdmciPjwvc3ZnPg==\" class=\"lazyload\" data-load-mode=\"1\"><\/iframe><\/p>\n","protected":false},"excerpt":{"rendered":"","protected":false},"author":1,"featured_media":456,"parent":0,"menu_order":0,"comment_status":"closed","ping_status":"closed","template":"","meta":{"footnotes":""},"class_list":["post-84","page","type-page","status-publish","has-post-thumbnail","hentry","entry","has-media"],"yoast_head":"<!-- This site is optimized with the Yoast SEO plugin v26.8 - https:\/\/yoast.com\/product\/yoast-seo-wordpress\/ -->\n<title>CAMPING - Camping des Rivi\u00e8res de Daon<\/title>\n<meta name=\"description\" content=\"D\u00e9couvrez les emplacements du Camping des Rivi\u00e8res*** \u00e0 Daon en Mayenne : pr\u00e9sentation, plan et tarifs 2022.\" \/>\n<meta name=\"robots\" content=\"index, follow, max-snippet:-1, max-image-preview:large, max-video-preview:-1\" \/>\n<link rel=\"canonical\" href=\"https:\/\/camping-daon.fr\/index.php\/camping\/\" \/>\n<meta property=\"og:locale\" content=\"fr_FR\" \/>\n<meta property=\"og:type\" content=\"article\" \/>\n<meta property=\"og:title\" content=\"CAMPING - Camping des Rivi\u00e8res de Daon\" \/>\n<meta property=\"og:description\" content=\"D\u00e9couvrez les emplacements du Camping des Rivi\u00e8res*** \u00e0 Daon en Mayenne : pr\u00e9sentation, plan et tarifs 2022.\" \/>\n<meta property=\"og:url\" content=\"https:\/\/camping-daon.fr\/index.php\/camping\/\" \/>\n<meta property=\"og:site_name\" content=\"Camping des Rivi\u00e8res de Daon\" \/>\n<meta property=\"article:publisher\" content=\"https:\/\/www.facebook.com\/Camping-des-Rivires-Daon--114946232015582\" \/>\n<meta property=\"article:modified_time\" content=\"2022-11-04T15:39:48+00:00\" \/>\n<meta property=\"og:image\" content=\"https:\/\/camping-daon.fr\/wp-content\/uploads\/2021\/11\/camping-Daon_DSC7467_00001.jpg\" \/>\n\t<meta property=\"og:image:width\" content=\"1024\" \/>\n\t<meta property=\"og:image:height\" content=\"684\" \/>\n\t<meta property=\"og:image:type\" content=\"image\/jpeg\" \/>\n<meta name=\"twitter:card\" content=\"summary_large_image\" \/>\n<meta name=\"twitter:label1\" content=\"Dur\u00e9e de lecture estim\u00e9e\" \/>\n\t<meta name=\"twitter:data1\" content=\"1 minute\" \/>\n<script type=\"application\/ld+json\" class=\"yoast-schema-graph\">{\"@context\":\"https:\/\/schema.org\",\"@graph\":[{\"@type\":\"WebPage\",\"@id\":\"https:\/\/camping-daon.fr\/index.php\/camping\/\",\"url\":\"https:\/\/camping-daon.fr\/index.php\/camping\/\",\"name\":\"CAMPING - Camping des Rivi\u00e8res de Daon\",\"isPartOf\":{\"@id\":\"https:\/\/camping-daon.fr\/#website\"},\"primaryImageOfPage\":{\"@id\":\"https:\/\/camping-daon.fr\/index.php\/camping\/#primaryimage\"},\"image\":{\"@id\":\"https:\/\/camping-daon.fr\/index.php\/camping\/#primaryimage\"},\"thumbnailUrl\":\"https:\/\/camping-daon.fr\/wp-content\/uploads\/2021\/11\/camping-Daon_DSC7467_00001.jpg\",\"datePublished\":\"2021-06-30T15:40:03+00:00\",\"dateModified\":\"2022-11-04T15:39:48+00:00\",\"description\":\"D\u00e9couvrez les emplacements du Camping des Rivi\u00e8res*** \u00e0 Daon en Mayenne : pr\u00e9sentation, plan et tarifs 2022.\",\"breadcrumb\":{\"@id\":\"https:\/\/camping-daon.fr\/index.php\/camping\/#breadcrumb\"},\"inLanguage\":\"fr-FR\",\"potentialAction\":[{\"@type\":\"ReadAction\",\"target\":[\"https:\/\/camping-daon.fr\/index.php\/camping\/\"]}]},{\"@type\":\"ImageObject\",\"inLanguage\":\"fr-FR\",\"@id\":\"https:\/\/camping-daon.fr\/index.php\/camping\/#primaryimage\",\"url\":\"https:\/\/camping-daon.fr\/wp-content\/uploads\/2021\/11\/camping-Daon_DSC7467_00001.jpg\",\"contentUrl\":\"https:\/\/camping-daon.fr\/wp-content\/uploads\/2021\/11\/camping-Daon_DSC7467_00001.jpg\",\"width\":1024,\"height\":684},{\"@type\":\"BreadcrumbList\",\"@id\":\"https:\/\/camping-daon.fr\/index.php\/camping\/#breadcrumb\",\"itemListElement\":[{\"@type\":\"ListItem\",\"position\":1,\"name\":\"Accueil\",\"item\":\"https:\/\/camping-daon.fr\/\"},{\"@type\":\"ListItem\",\"position\":2,\"name\":\"CAMPING\"}]},{\"@type\":\"WebSite\",\"@id\":\"https:\/\/camping-daon.fr\/#website\",\"url\":\"https:\/\/camping-daon.fr\/\",\"name\":\"Camping des Rivi\u00e8res de Daon\",\"description\":\"Bienvenue au Camping des Rivi\u00e8res\",\"publisher\":{\"@id\":\"https:\/\/camping-daon.fr\/#organization\"},\"potentialAction\":[{\"@type\":\"SearchAction\",\"target\":{\"@type\":\"EntryPoint\",\"urlTemplate\":\"https:\/\/camping-daon.fr\/?s={search_term_string}\"},\"query-input\":{\"@type\":\"PropertyValueSpecification\",\"valueRequired\":true,\"valueName\":\"search_term_string\"}}],\"inLanguage\":\"fr-FR\"},{\"@type\":\"Organization\",\"@id\":\"https:\/\/camping-daon.fr\/#organization\",\"name\":\"Communaut\u00e9 de Communes du Pays de Ch\u00e2teau-Gontier\",\"url\":\"https:\/\/camping-daon.fr\/\",\"logo\":{\"@type\":\"ImageObject\",\"inLanguage\":\"fr-FR\",\"@id\":\"https:\/\/camping-daon.fr\/#\/schema\/logo\/image\/\",\"url\":\"https:\/\/camping-daon.fr\/wp-content\/uploads\/2021\/06\/cropped-cropped-logo02.jpg\",\"contentUrl\":\"https:\/\/camping-daon.fr\/wp-content\/uploads\/2021\/06\/cropped-cropped-logo02.jpg\",\"width\":512,\"height\":512,\"caption\":\"Communaut\u00e9 de Communes du Pays de Ch\u00e2teau-Gontier\"},\"image\":{\"@id\":\"https:\/\/camping-daon.fr\/#\/schema\/logo\/image\/\"},\"sameAs\":[\"https:\/\/www.facebook.com\/Camping-des-Rivires-Daon--114946232015582\"]}]}<\/script>\n<!-- \/ Yoast SEO plugin. -->","yoast_head_json":{"title":"CAMPING - Camping des Rivi\u00e8res de Daon","description":"D\u00e9couvrez les emplacements du Camping des Rivi\u00e8res*** \u00e0 Daon en Mayenne : pr\u00e9sentation, plan et tarifs 2022.","robots":{"index":"index","follow":"follow","max-snippet":"max-snippet:-1","max-image-preview":"max-image-preview:large","max-video-preview":"max-video-preview:-1"},"canonical":"https:\/\/camping-daon.fr\/index.php\/camping\/","og_locale":"fr_FR","og_type":"article","og_title":"CAMPING - Camping des Rivi\u00e8res de Daon","og_description":"D\u00e9couvrez les emplacements du Camping des Rivi\u00e8res*** \u00e0 Daon en Mayenne : pr\u00e9sentation, plan et tarifs 2022.","og_url":"https:\/\/camping-daon.fr\/index.php\/camping\/","og_site_name":"Camping des Rivi\u00e8res de Daon","article_publisher":"https:\/\/www.facebook.com\/Camping-des-Rivires-Daon--114946232015582","article_modified_time":"2022-11-04T15:39:48+00:00","og_image":[{"width":1024,"height":684,"url":"https:\/\/camping-daon.fr\/wp-content\/uploads\/2021\/11\/camping-Daon_DSC7467_00001.jpg","type":"image\/jpeg"}],"twitter_card":"summary_large_image","twitter_misc":{"Dur\u00e9e de lecture estim\u00e9e":"1 minute"},"schema":{"@context":"https:\/\/schema.org","@graph":[{"@type":"WebPage","@id":"https:\/\/camping-daon.fr\/index.php\/camping\/","url":"https:\/\/camping-daon.fr\/index.php\/camping\/","name":"CAMPING - Camping des Rivi\u00e8res de Daon","isPartOf":{"@id":"https:\/\/camping-daon.fr\/#website"},"primaryImageOfPage":{"@id":"https:\/\/camping-daon.fr\/index.php\/camping\/#primaryimage"},"image":{"@id":"https:\/\/camping-daon.fr\/index.php\/camping\/#primaryimage"},"thumbnailUrl":"https:\/\/camping-daon.fr\/wp-content\/uploads\/2021\/11\/camping-Daon_DSC7467_00001.jpg","datePublished":"2021-06-30T15:40:03+00:00","dateModified":"2022-11-04T15:39:48+00:00","description":"D\u00e9couvrez les emplacements du Camping des Rivi\u00e8res*** \u00e0 Daon en Mayenne : pr\u00e9sentation, plan et tarifs 2022.","breadcrumb":{"@id":"https:\/\/camping-daon.fr\/index.php\/camping\/#breadcrumb"},"inLanguage":"fr-FR","potentialAction":[{"@type":"ReadAction","target":["https:\/\/camping-daon.fr\/index.php\/camping\/"]}]},{"@type":"ImageObject","inLanguage":"fr-FR","@id":"https:\/\/camping-daon.fr\/index.php\/camping\/#primaryimage","url":"https:\/\/camping-daon.fr\/wp-content\/uploads\/2021\/11\/camping-Daon_DSC7467_00001.jpg","contentUrl":"https:\/\/camping-daon.fr\/wp-content\/uploads\/2021\/11\/camping-Daon_DSC7467_00001.jpg","width":1024,"height":684},{"@type":"BreadcrumbList","@id":"https:\/\/camping-daon.fr\/index.php\/camping\/#breadcrumb","itemListElement":[{"@type":"ListItem","position":1,"name":"Accueil","item":"https:\/\/camping-daon.fr\/"},{"@type":"ListItem","position":2,"name":"CAMPING"}]},{"@type":"WebSite","@id":"https:\/\/camping-daon.fr\/#website","url":"https:\/\/camping-daon.fr\/","name":"Camping des Rivi\u00e8res de Daon","description":"Bienvenue au Camping des Rivi\u00e8res","publisher":{"@id":"https:\/\/camping-daon.fr\/#organization"},"potentialAction":[{"@type":"SearchAction","target":{"@type":"EntryPoint","urlTemplate":"https:\/\/camping-daon.fr\/?s={search_term_string}"},"query-input":{"@type":"PropertyValueSpecification","valueRequired":true,"valueName":"search_term_string"}}],"inLanguage":"fr-FR"},{"@type":"Organization","@id":"https:\/\/camping-daon.fr\/#organization","name":"Communaut\u00e9 de Communes du Pays de Ch\u00e2teau-Gontier","url":"https:\/\/camping-daon.fr\/","logo":{"@type":"ImageObject","inLanguage":"fr-FR","@id":"https:\/\/camping-daon.fr\/#\/schema\/logo\/image\/","url":"https:\/\/camping-daon.fr\/wp-content\/uploads\/2021\/06\/cropped-cropped-logo02.jpg","contentUrl":"https:\/\/camping-daon.fr\/wp-content\/uploads\/2021\/06\/cropped-cropped-logo02.jpg","width":512,"height":512,"caption":"Communaut\u00e9 de Communes du Pays de Ch\u00e2teau-Gontier"},"image":{"@id":"https:\/\/camping-daon.fr\/#\/schema\/logo\/image\/"},"sameAs":["https:\/\/www.facebook.com\/Camping-des-Rivires-Daon--114946232015582"]}]}},"_links":{"self":[{"href":"https:\/\/camping-daon.fr\/index.php\/wp-json\/wp\/v2\/pages\/84","targetHints":{"allow":["GET"]}}],"collection":[{"href":"https:\/\/camping-daon.fr\/index.php\/wp-json\/wp\/v2\/pages"}],"about":[{"href":"https:\/\/camping-daon.fr\/index.php\/wp-json\/wp\/v2\/types\/page"}],"author":[{"embeddable":true,"href":"https:\/\/camping-daon.fr\/index.php\/wp-json\/wp\/v2\/users\/1"}],"replies":[{"embeddable":true,"href":"https:\/\/camping-daon.fr\/index.php\/wp-json\/wp\/v2\/comments?post=84"}],"version-history":[{"count":7,"href":"https:\/\/camping-daon.fr\/index.php\/wp-json\/wp\/v2\/pages\/84\/revisions"}],"predecessor-version":[{"id":797,"href":"https:\/\/camping-daon.fr\/index.php\/wp-json\/wp\/v2\/pages\/84\/revisions\/797"}],"wp:featuredmedia":[{"embeddable":true,"href":"https:\/\/camping-daon.fr\/index.php\/wp-json\/wp\/v2\/media\/456"}],"wp:attachment":[{"href":"https:\/\/camping-daon.fr\/index.php\/wp-json\/wp\/v2\/media?parent=84"}],"curies":[{"name":"wp","href":"https:\/\/api.w.org\/{rel}","templated":true}]}}