{"id":772,"date":"2022-10-21T14:21:17","date_gmt":"2022-10-21T12:21:17","guid":{"rendered":"https:\/\/camping-daon.fr\/?page_id=772"},"modified":"2022-10-21T14:30:31","modified_gmt":"2022-10-21T12:30:31","slug":"772-2","status":"publish","type":"page","link":"http:\/\/camping-daon.fr\/index.php\/772-2\/","title":{"rendered":"LE TERRITOIRE"},"content":{"rendered":"\n<h2 class=\"has-text-align-center wp-block-heading\"><strong>De quelques heures \u00e0 quelques jours en <mark style=\"background-color:rgba(0, 0, 0, 0)\" class=\"has-inline-color has-vivid-purple-color\">sud Mayenne<\/mark><\/strong> : les incontournables !<\/h2>\n\n\n\n<hr class=\"wp-block-separator has-alpha-channel-opacity\"\/>\n\n\n\n<div style=\"height:50px\" aria-hidden=\"true\" class=\"wp-block-spacer\"><\/div>\n\n\n\n<div class=\"wp-block-columns is-layout-flex wp-container-core-columns-is-layout-1 wp-block-columns-is-layout-flex\">\n<div class=\"wp-block-column is-layout-flow wp-block-column-is-layout-flow\">\n<figure class=\"wp-block-image size-large\"><a href=\"http:\/\/www.sudmayenne.com\/decouvrir\/incontournables\/test-le-refuge-de-larche\"><img decoding=\"async\" data-src=\"https:\/\/camping-chateau-gontier.fr\/wp-content\/uploads\/2022\/10\/refuge-de-l-arche-2010-credits-JC-Druais-45-1024x768.jpg\" alt=\"\" class=\"wp-image-691 lazyload\" src=\"data:image\/svg+xml;base64,PHN2ZyB3aWR0aD0iMSIgaGVpZ2h0PSIxIiB4bWxucz0iaHR0cDovL3d3dy53My5vcmcvMjAwMC9zdmciPjwvc3ZnPg==\" style=\"--smush-placeholder-width: 1024px; --smush-placeholder-aspect-ratio: 1024\/768;\" \/><\/a><\/figure>\n<\/div>\n\n\n\n<div class=\"wp-block-column is-layout-flow wp-block-column-is-layout-flow\">\n<figure class=\"wp-block-image size-full\"><a href=\"http:\/\/www.sudmayenne.com\/decouvrir\/incontournables\/test-le-moulin-de-thevalles\"><img decoding=\"async\" data-src=\"https:\/\/camping-chateau-gontier.fr\/wp-content\/uploads\/2022\/10\/DSC060331.jpg\" alt=\"\" class=\"wp-image-693 lazyload\" src=\"data:image\/svg+xml;base64,PHN2ZyB3aWR0aD0iMSIgaGVpZ2h0PSIxIiB4bWxucz0iaHR0cDovL3d3dy53My5vcmcvMjAwMC9zdmciPjwvc3ZnPg==\" \/><\/a><\/figure>\n<\/div>\n<\/div>\n\n\n\n<div class=\"wp-block-columns is-layout-flex wp-container-core-columns-is-layout-2 wp-block-columns-is-layout-flex\">\n<div class=\"wp-block-column is-layout-flow wp-block-column-is-layout-flow\">\n<figure class=\"wp-block-image size-large\"><a href=\"http:\/\/www.sudmayenne.com\/decouvrir\/incontournables\/musee-tatin\"><img decoding=\"async\" data-src=\"https:\/\/camping-chateau-gontier.fr\/wp-content\/uploads\/2022\/10\/Le-Jardin-des-Meditations-1024x768.jpg\" alt=\"\" class=\"wp-image-694 lazyload\" src=\"data:image\/svg+xml;base64,PHN2ZyB3aWR0aD0iMSIgaGVpZ2h0PSIxIiB4bWxucz0iaHR0cDovL3d3dy53My5vcmcvMjAwMC9zdmciPjwvc3ZnPg==\" style=\"--smush-placeholder-width: 1024px; --smush-placeholder-aspect-ratio: 1024\/768;\" \/><\/a><\/figure>\n<\/div>\n\n\n\n<div class=\"wp-block-column is-layout-flow wp-block-column-is-layout-flow\">\n<figure class=\"wp-block-image size-large\"><a href=\"http:\/\/www.sudmayenne.com\/decouvrir\/incontournables\/test-chateau-de-craon\"><img decoding=\"async\" data-src=\"https:\/\/camping-chateau-gontier.fr\/wp-content\/uploads\/2022\/10\/Choteau-Craon-CP-P.Beltrami-Mayenne-Tourime-3-1024x768.jpg\" alt=\"\" class=\"wp-image-695 lazyload\" src=\"data:image\/svg+xml;base64,PHN2ZyB3aWR0aD0iMSIgaGVpZ2h0PSIxIiB4bWxucz0iaHR0cDovL3d3dy53My5vcmcvMjAwMC9zdmciPjwvc3ZnPg==\" style=\"--smush-placeholder-width: 1024px; --smush-placeholder-aspect-ratio: 1024\/768;\" \/><\/a><\/figure>\n<\/div>\n<\/div>\n\n\n\n<h3 class=\"has-text-align-center wp-block-heading\"><mark style=\"background-color:rgba(0, 0, 0, 0)\" class=\"has-inline-color has-vivid-purple-color\">D\u00e9couvrez les lieux de visite phares de la Mayenne !<\/mark><\/h3>\n\n\n\n<iframe width=\"616\" height=\"346\" data-src=\"https:\/\/www.youtube.com\/embed\/videoseries?list=PLVt3kVXhJk8d0Vke5uVm28bRcGR-DXBOM\" title=\"YouTube video player\" frameborder=\"0\" allow=\"accelerometer; autoplay; clipboard-write; encrypted-media; gyroscope; picture-in-picture\" allowfullscreen=\"\" src=\"data:image\/svg+xml;base64,PHN2ZyB3aWR0aD0iMSIgaGVpZ2h0PSIxIiB4bWxucz0iaHR0cDovL3d3dy53My5vcmcvMjAwMC9zdmciPjwvc3ZnPg==\" class=\"lazyload\" data-load-mode=\"1\"><\/iframe>\n\n\n\n<div style=\"height:50px\" aria-hidden=\"true\" class=\"wp-block-spacer\"><\/div>\n\n\n\n<h2 class=\"has-text-align-center wp-block-heading\"><mark style=\"background-color:rgba(0, 0, 0, 0)\" class=\"has-inline-color has-vivid-purple-color\">\u00c0 proximit\u00e9 du camping<\/mark><\/h2>\n\n\n\n<hr class=\"wp-block-separator has-alpha-channel-opacity\"\/>\n\n\n\n<div class=\"wp-block-media-text alignwide has-media-on-the-right is-stacked-on-mobile\" style=\"grid-template-columns:auto 34%\"><figure class=\"wp-block-media-text__media\"><img decoding=\"async\" data-src=\"https:\/\/camping-chateau-gontier.fr\/wp-content\/uploads\/2022\/10\/Camping-parc-Choteau-Gontier-CP-P.Beltrami-Mayenne-Tourisme-8-1024x684.jpg\" alt=\"\" class=\"wp-image-664 size-full lazyload\" src=\"data:image\/svg+xml;base64,PHN2ZyB3aWR0aD0iMSIgaGVpZ2h0PSIxIiB4bWxucz0iaHR0cDovL3d3dy53My5vcmcvMjAwMC9zdmciPjwvc3ZnPg==\" style=\"--smush-placeholder-width: 1024px; --smush-placeholder-aspect-ratio: 1024\/684;\" \/><\/figure><div class=\"wp-block-media-text__content\">\n<ul class=\"wp-block-list\" id=\"block-57b86ead-120f-44e4-9ade-bcec816b9814\"><li>Base de loisirs<\/li><li>Jeux pour enfants<\/li><li>P\u00eache dans la Mayenne<\/li><li>Chemin de halage<\/li><li>Restaurants<\/li><li>Dans le village, bar tabac, \u00e9picerie, d\u00e9p\u00f4t de pain<\/li><\/ul>\n<\/div><\/div>\n\n\n\n<div style=\"height:100px\" aria-hidden=\"true\" class=\"wp-block-spacer\"><\/div>\n\n\n\n<h2 class=\"has-text-align-center wp-block-heading\"><mark style=\"background-color:rgba(0, 0, 0, 0)\" class=\"has-inline-color has-black-color\">Pour en savoir plus sur<\/mark><mark style=\"background-color:rgba(0, 0, 0, 0)\" class=\"has-inline-color has-luminous-vivid-orange-color\"> <\/mark><mark style=\"background-color:rgba(0, 0, 0, 0)\" class=\"has-inline-color has-vivid-purple-color\">le sud mayenne<\/mark><\/h2>\n\n\n\n<hr class=\"wp-block-separator has-alpha-channel-opacity\"\/>\n\n\n\n<div class=\"wp-block-media-text alignwide is-stacked-on-mobile\" style=\"grid-template-columns:26% auto\"><figure class=\"wp-block-media-text__media\"><a href=\"http:\/\/sudmayenne.com\/\" target=\"_blank\" rel=\"noopener\"><img decoding=\"async\" data-src=\"https:\/\/camping-chateau-gontier.fr\/wp-content\/uploads\/2021\/10\/sud-mayenne-com.jpg\" alt=\"\" class=\"wp-image-403 size-full lazyload\" src=\"data:image\/svg+xml;base64,PHN2ZyB3aWR0aD0iMSIgaGVpZ2h0PSIxIiB4bWxucz0iaHR0cDovL3d3dy53My5vcmcvMjAwMC9zdmciPjwvc3ZnPg==\" \/><\/a><\/figure><div class=\"wp-block-media-text__content\">\n<p>Sur<mark style=\"background-color:rgba(0, 0, 0, 0)\" class=\"has-inline-color has-vivid-purple-color\"> <strong><a data-type=\"URL\" data-id=\"http:\/\/sudmayenne.com\/\" href=\"http:\/\/sudmayenne.com\/\" target=\"_blank\" rel=\"noreferrer noopener\">www.sudmayenne.com<\/a><\/strong><\/mark><strong><a data-type=\"URL\" data-id=\"http:\/\/sudmayenne.com\/\" href=\"http:\/\/sudmayenne.com\/\" target=\"_blank\" rel=\"noreferrer noopener\"><mark style=\"background-color:rgba(0, 0, 0, 0)\" class=\"has-inline-color has-luminous-vivid-orange-color\"> <\/mark><\/a><\/strong>retrouvez toutes les infos pour pr\u00e9parer votre s\u00e9jour : loisirs, visites, restaurants, agenda\u2026<\/p>\n<\/div><\/div>\n","protected":false},"excerpt":{"rendered":"<p>De quelques heures \u00e0 quelques jours en sud Mayenne : les incontournables ! D\u00e9couvrez les lieux de visite phares de la Mayenne ! \u00c0 proximit\u00e9 du camping Base de loisirs Jeux pour enfants P\u00eache dans la Mayenne Chemin de halage Restaurants Dans le village, bar tabac, \u00e9picerie, d\u00e9p\u00f4t de pain Pour en savoir plus sur [&hellip;]<\/p>\n","protected":false},"author":2,"featured_media":0,"parent":0,"menu_order":0,"comment_status":"closed","ping_status":"closed","template":"","meta":{"footnotes":""},"class_list":["post-772","page","type-page","status-publish","hentry","entry"],"yoast_head":"<!-- This site is optimized with the Yoast SEO plugin v26.8 - https:\/\/yoast.com\/product\/yoast-seo-wordpress\/ -->\n<title>LE TERRITOIRE - Camping des Rivi\u00e8res de Daon<\/title>\n<meta name=\"robots\" content=\"index, follow, max-snippet:-1, max-image-preview:large, max-video-preview:-1\" \/>\n<link rel=\"canonical\" href=\"https:\/\/camping-daon.fr\/index.php\/772-2\/\" \/>\n<meta property=\"og:locale\" content=\"fr_FR\" \/>\n<meta property=\"og:type\" content=\"article\" \/>\n<meta property=\"og:title\" content=\"LE TERRITOIRE - Camping des Rivi\u00e8res de Daon\" \/>\n<meta property=\"og:description\" content=\"De quelques heures \u00e0 quelques jours en sud Mayenne : les incontournables ! D\u00e9couvrez les lieux de visite phares de la Mayenne ! \u00c0 proximit\u00e9 du camping Base de loisirs Jeux pour enfants P\u00eache dans la Mayenne Chemin de halage Restaurants Dans le village, bar tabac, \u00e9picerie, d\u00e9p\u00f4t de pain Pour en savoir plus sur [&hellip;]\" \/>\n<meta property=\"og:url\" content=\"https:\/\/camping-daon.fr\/index.php\/772-2\/\" \/>\n<meta property=\"og:site_name\" content=\"Camping des Rivi\u00e8res de Daon\" \/>\n<meta property=\"article:publisher\" content=\"https:\/\/www.facebook.com\/Camping-des-Rivires-Daon--114946232015582\" \/>\n<meta property=\"article:modified_time\" content=\"2022-10-21T12:30:31+00:00\" \/>\n<meta property=\"og:image\" content=\"https:\/\/camping-chateau-gontier.fr\/wp-content\/uploads\/2022\/10\/refuge-de-l-arche-2010-credits-JC-Druais-45-1024x768.jpg\" \/>\n<meta name=\"twitter:card\" content=\"summary_large_image\" \/>\n<meta name=\"twitter:label1\" content=\"Dur\u00e9e de lecture estim\u00e9e\" \/>\n\t<meta name=\"twitter:data1\" content=\"2 minutes\" \/>\n<script type=\"application\/ld+json\" class=\"yoast-schema-graph\">{\"@context\":\"https:\/\/schema.org\",\"@graph\":[{\"@type\":\"WebPage\",\"@id\":\"https:\/\/camping-daon.fr\/index.php\/772-2\/\",\"url\":\"https:\/\/camping-daon.fr\/index.php\/772-2\/\",\"name\":\"LE TERRITOIRE - Camping des Rivi\u00e8res de Daon\",\"isPartOf\":{\"@id\":\"https:\/\/camping-daon.fr\/#website\"},\"primaryImageOfPage\":{\"@id\":\"https:\/\/camping-daon.fr\/index.php\/772-2\/#primaryimage\"},\"image\":{\"@id\":\"https:\/\/camping-daon.fr\/index.php\/772-2\/#primaryimage\"},\"thumbnailUrl\":\"https:\/\/camping-chateau-gontier.fr\/wp-content\/uploads\/2022\/10\/refuge-de-l-arche-2010-credits-JC-Druais-45-1024x768.jpg\",\"datePublished\":\"2022-10-21T12:21:17+00:00\",\"dateModified\":\"2022-10-21T12:30:31+00:00\",\"breadcrumb\":{\"@id\":\"https:\/\/camping-daon.fr\/index.php\/772-2\/#breadcrumb\"},\"inLanguage\":\"fr-FR\",\"potentialAction\":[{\"@type\":\"ReadAction\",\"target\":[\"https:\/\/camping-daon.fr\/index.php\/772-2\/\"]}]},{\"@type\":\"ImageObject\",\"inLanguage\":\"fr-FR\",\"@id\":\"https:\/\/camping-daon.fr\/index.php\/772-2\/#primaryimage\",\"url\":\"https:\/\/camping-chateau-gontier.fr\/wp-content\/uploads\/2022\/10\/refuge-de-l-arche-2010-credits-JC-Druais-45-1024x768.jpg\",\"contentUrl\":\"https:\/\/camping-chateau-gontier.fr\/wp-content\/uploads\/2022\/10\/refuge-de-l-arche-2010-credits-JC-Druais-45-1024x768.jpg\"},{\"@type\":\"BreadcrumbList\",\"@id\":\"https:\/\/camping-daon.fr\/index.php\/772-2\/#breadcrumb\",\"itemListElement\":[{\"@type\":\"ListItem\",\"position\":1,\"name\":\"Accueil\",\"item\":\"https:\/\/camping-daon.fr\/\"},{\"@type\":\"ListItem\",\"position\":2,\"name\":\"LE TERRITOIRE\"}]},{\"@type\":\"WebSite\",\"@id\":\"https:\/\/camping-daon.fr\/#website\",\"url\":\"https:\/\/camping-daon.fr\/\",\"name\":\"Camping des Rivi\u00e8res de Daon\",\"description\":\"Bienvenue au Camping des Rivi\u00e8res\",\"publisher\":{\"@id\":\"https:\/\/camping-daon.fr\/#organization\"},\"potentialAction\":[{\"@type\":\"SearchAction\",\"target\":{\"@type\":\"EntryPoint\",\"urlTemplate\":\"https:\/\/camping-daon.fr\/?s={search_term_string}\"},\"query-input\":{\"@type\":\"PropertyValueSpecification\",\"valueRequired\":true,\"valueName\":\"search_term_string\"}}],\"inLanguage\":\"fr-FR\"},{\"@type\":\"Organization\",\"@id\":\"https:\/\/camping-daon.fr\/#organization\",\"name\":\"Communaut\u00e9 de Communes du Pays de Ch\u00e2teau-Gontier\",\"url\":\"https:\/\/camping-daon.fr\/\",\"logo\":{\"@type\":\"ImageObject\",\"inLanguage\":\"fr-FR\",\"@id\":\"https:\/\/camping-daon.fr\/#\/schema\/logo\/image\/\",\"url\":\"https:\/\/camping-daon.fr\/wp-content\/uploads\/2021\/06\/cropped-cropped-logo02.jpg\",\"contentUrl\":\"https:\/\/camping-daon.fr\/wp-content\/uploads\/2021\/06\/cropped-cropped-logo02.jpg\",\"width\":512,\"height\":512,\"caption\":\"Communaut\u00e9 de Communes du Pays de Ch\u00e2teau-Gontier\"},\"image\":{\"@id\":\"https:\/\/camping-daon.fr\/#\/schema\/logo\/image\/\"},\"sameAs\":[\"https:\/\/www.facebook.com\/Camping-des-Rivires-Daon--114946232015582\"]}]}<\/script>\n<!-- \/ Yoast SEO plugin. -->","yoast_head_json":{"title":"LE TERRITOIRE - Camping des Rivi\u00e8res de Daon","robots":{"index":"index","follow":"follow","max-snippet":"max-snippet:-1","max-image-preview":"max-image-preview:large","max-video-preview":"max-video-preview:-1"},"canonical":"https:\/\/camping-daon.fr\/index.php\/772-2\/","og_locale":"fr_FR","og_type":"article","og_title":"LE TERRITOIRE - Camping des Rivi\u00e8res de Daon","og_description":"De quelques heures \u00e0 quelques jours en sud Mayenne : les incontournables ! D\u00e9couvrez les lieux de visite phares de la Mayenne ! \u00c0 proximit\u00e9 du camping Base de loisirs Jeux pour enfants P\u00eache dans la Mayenne Chemin de halage Restaurants Dans le village, bar tabac, \u00e9picerie, d\u00e9p\u00f4t de pain Pour en savoir plus sur [&hellip;]","og_url":"https:\/\/camping-daon.fr\/index.php\/772-2\/","og_site_name":"Camping des Rivi\u00e8res de Daon","article_publisher":"https:\/\/www.facebook.com\/Camping-des-Rivires-Daon--114946232015582","article_modified_time":"2022-10-21T12:30:31+00:00","og_image":[{"url":"https:\/\/camping-chateau-gontier.fr\/wp-content\/uploads\/2022\/10\/refuge-de-l-arche-2010-credits-JC-Druais-45-1024x768.jpg","type":"","width":"","height":""}],"twitter_card":"summary_large_image","twitter_misc":{"Dur\u00e9e de lecture estim\u00e9e":"2 minutes"},"schema":{"@context":"https:\/\/schema.org","@graph":[{"@type":"WebPage","@id":"https:\/\/camping-daon.fr\/index.php\/772-2\/","url":"https:\/\/camping-daon.fr\/index.php\/772-2\/","name":"LE TERRITOIRE - Camping des Rivi\u00e8res de Daon","isPartOf":{"@id":"https:\/\/camping-daon.fr\/#website"},"primaryImageOfPage":{"@id":"https:\/\/camping-daon.fr\/index.php\/772-2\/#primaryimage"},"image":{"@id":"https:\/\/camping-daon.fr\/index.php\/772-2\/#primaryimage"},"thumbnailUrl":"https:\/\/camping-chateau-gontier.fr\/wp-content\/uploads\/2022\/10\/refuge-de-l-arche-2010-credits-JC-Druais-45-1024x768.jpg","datePublished":"2022-10-21T12:21:17+00:00","dateModified":"2022-10-21T12:30:31+00:00","breadcrumb":{"@id":"https:\/\/camping-daon.fr\/index.php\/772-2\/#breadcrumb"},"inLanguage":"fr-FR","potentialAction":[{"@type":"ReadAction","target":["https:\/\/camping-daon.fr\/index.php\/772-2\/"]}]},{"@type":"ImageObject","inLanguage":"fr-FR","@id":"https:\/\/camping-daon.fr\/index.php\/772-2\/#primaryimage","url":"https:\/\/camping-chateau-gontier.fr\/wp-content\/uploads\/2022\/10\/refuge-de-l-arche-2010-credits-JC-Druais-45-1024x768.jpg","contentUrl":"https:\/\/camping-chateau-gontier.fr\/wp-content\/uploads\/2022\/10\/refuge-de-l-arche-2010-credits-JC-Druais-45-1024x768.jpg"},{"@type":"BreadcrumbList","@id":"https:\/\/camping-daon.fr\/index.php\/772-2\/#breadcrumb","itemListElement":[{"@type":"ListItem","position":1,"name":"Accueil","item":"https:\/\/camping-daon.fr\/"},{"@type":"ListItem","position":2,"name":"LE TERRITOIRE"}]},{"@type":"WebSite","@id":"https:\/\/camping-daon.fr\/#website","url":"https:\/\/camping-daon.fr\/","name":"Camping des Rivi\u00e8res de Daon","description":"Bienvenue au Camping des Rivi\u00e8res","publisher":{"@id":"https:\/\/camping-daon.fr\/#organization"},"potentialAction":[{"@type":"SearchAction","target":{"@type":"EntryPoint","urlTemplate":"https:\/\/camping-daon.fr\/?s={search_term_string}"},"query-input":{"@type":"PropertyValueSpecification","valueRequired":true,"valueName":"search_term_string"}}],"inLanguage":"fr-FR"},{"@type":"Organization","@id":"https:\/\/camping-daon.fr\/#organization","name":"Communaut\u00e9 de Communes du Pays de Ch\u00e2teau-Gontier","url":"https:\/\/camping-daon.fr\/","logo":{"@type":"ImageObject","inLanguage":"fr-FR","@id":"https:\/\/camping-daon.fr\/#\/schema\/logo\/image\/","url":"https:\/\/camping-daon.fr\/wp-content\/uploads\/2021\/06\/cropped-cropped-logo02.jpg","contentUrl":"https:\/\/camping-daon.fr\/wp-content\/uploads\/2021\/06\/cropped-cropped-logo02.jpg","width":512,"height":512,"caption":"Communaut\u00e9 de Communes du Pays de Ch\u00e2teau-Gontier"},"image":{"@id":"https:\/\/camping-daon.fr\/#\/schema\/logo\/image\/"},"sameAs":["https:\/\/www.facebook.com\/Camping-des-Rivires-Daon--114946232015582"]}]}},"_links":{"self":[{"href":"http:\/\/camping-daon.fr\/index.php\/wp-json\/wp\/v2\/pages\/772","targetHints":{"allow":["GET"]}}],"collection":[{"href":"http:\/\/camping-daon.fr\/index.php\/wp-json\/wp\/v2\/pages"}],"about":[{"href":"http:\/\/camping-daon.fr\/index.php\/wp-json\/wp\/v2\/types\/page"}],"author":[{"embeddable":true,"href":"http:\/\/camping-daon.fr\/index.php\/wp-json\/wp\/v2\/users\/2"}],"replies":[{"embeddable":true,"href":"http:\/\/camping-daon.fr\/index.php\/wp-json\/wp\/v2\/comments?post=772"}],"version-history":[{"count":3,"href":"http:\/\/camping-daon.fr\/index.php\/wp-json\/wp\/v2\/pages\/772\/revisions"}],"predecessor-version":[{"id":780,"href":"http:\/\/camping-daon.fr\/index.php\/wp-json\/wp\/v2\/pages\/772\/revisions\/780"}],"wp:attachment":[{"href":"http:\/\/camping-daon.fr\/index.php\/wp-json\/wp\/v2\/media?parent=772"}],"curies":[{"name":"wp","href":"https:\/\/api.w.org\/{rel}","templated":true}]}}