{"id":32,"date":"2021-06-29T13:55:20","date_gmt":"2021-06-29T11:55:20","guid":{"rendered":"http:\/\/camping-daon.fr\/?page_id=32"},"modified":"2025-12-06T15:27:45","modified_gmt":"2025-12-06T14:27:45","slug":"presentation","status":"publish","type":"page","link":"http:\/\/camping-daon.fr\/","title":{"rendered":"Bienvenue au Camping des Rivi\u00e8res*** &#8211; 06.78.09.84.35 &#8211;"},"content":{"rendered":"<div class=\"wp-block-image\">\n<figure class=\"aligncenter is-resized\"><a href=\"https:\/\/www.mayenne-tourisme.com\/slowlydays\/\"><img decoding=\"async\" data-src=\"http:\/\/camping-daon.fr\/wp-content\/uploads\/2025\/02\/CP-9893-971x1024.jpg\" alt=\"L\u2019attribut alt de cette image est vide, son nom de fichier est CP-9893-971x1024.jpg.\" style=\"--smush-placeholder-width: 971px; --smush-placeholder-aspect-ratio: 971\/1024;width:141px;height:auto\" src=\"data:image\/svg+xml;base64,PHN2ZyB3aWR0aD0iMSIgaGVpZ2h0PSIxIiB4bWxucz0iaHR0cDovL3d3dy53My5vcmcvMjAwMC9zdmciPjwvc3ZnPg==\" class=\"lazyload\" \/><\/a><\/figure><\/div>\n\n\n<h2 class=\"wp-block-heading has-text-align-center\">En <mark style=\"background-color:rgba(0, 0, 0, 0)\" class=\"has-inline-color has-vivid-purple-color\">Mayenne<\/mark>, prenez le temps de profiter de vos vacances ! <\/h2>\n\n\n\n<div style=\"height:10px\" aria-hidden=\"true\" class=\"wp-block-spacer\"><\/div>\n\n\n\n<p class=\"has-text-align-center\">Sa situation g\u00e9ographique privil\u00e9gi\u00e9e en bordure de la rivi\u00e8re <strong><mark style=\"background-color:rgba(0, 0, 0, 0);color:#8224e3\" class=\"has-inline-color\">La Mayenne<\/mark><\/strong> et son paysage attrayant font de&nbsp;<strong><mark style=\"background-color:rgba(0, 0, 0, 0);color:#8224e3\" class=\"has-inline-color\">Daon<\/mark><\/strong>&nbsp;un site touristique et une station de vill\u00e9giature tout indiqu\u00e9e.&nbsp;\u00c9vadez-vous au c\u0153ur d\u2019un territoire&nbsp;parmi les \u00ab<strong><mark style=\"background-color:rgba(0, 0, 0, 0);color:#8224e3\" class=\"has-inline-color\">100 Plus Beaux D\u00e9tours de France <\/mark><\/strong>\u00bb.&nbsp;Lieu id\u00e9al pour des \u00ab Vacances Vertes \u00bb, le village de&nbsp;<strong><mark style=\"background-color:rgba(0, 0, 0, 0);color:#8224e3\" class=\"has-inline-color\">Daon<\/mark><\/strong>&nbsp;offre des commerces, des \u00e9quipements et services vari\u00e9s, sans oublier de mentionner les loisirs praticables sur la&nbsp;<mark style=\"background-color:rgba(0, 0, 0, 0);color:#8224e3\" class=\"has-inline-color\"><strong>rivi\u00e8re<\/strong>&nbsp;la&nbsp;<strong>Mayenne<\/strong>.<\/mark> <\/p>\n\n\n\n<div style=\"height:30px\" aria-hidden=\"true\" class=\"wp-block-spacer\"><\/div>\n\n\n\n<div class=\"wp-block-columns is-layout-flex wp-container-core-columns-is-layout-1 wp-block-columns-is-layout-flex\">\n<div class=\"wp-block-column is-layout-flow wp-block-column-is-layout-flow\">\n<figure class=\"wp-block-image size-large\"><a href=\"http:\/\/camping-daon.fr\/index.php\/presentation-du-camping\/\"><img decoding=\"async\" width=\"1024\" height=\"768\" data-src=\"https:\/\/camping-daon.fr\/wp-content\/uploads\/2022\/10\/camping-Daon_DSC7467_00001-1024x768.jpg\" alt=\"\" class=\"wp-image-755 lazyload\" data-srcset=\"http:\/\/camping-daon.fr\/wp-content\/uploads\/2022\/10\/camping-Daon_DSC7467_00001-1024x768.jpg 1024w, http:\/\/camping-daon.fr\/wp-content\/uploads\/2022\/10\/camping-Daon_DSC7467_00001-300x225.jpg 300w, http:\/\/camping-daon.fr\/wp-content\/uploads\/2022\/10\/camping-Daon_DSC7467_00001-768x576.jpg 768w, http:\/\/camping-daon.fr\/wp-content\/uploads\/2022\/10\/camping-Daon_DSC7467_00001.jpg 1536w\" data-sizes=\"(max-width: 1024px) 100vw, 1024px\" src=\"data:image\/svg+xml;base64,PHN2ZyB3aWR0aD0iMSIgaGVpZ2h0PSIxIiB4bWxucz0iaHR0cDovL3d3dy53My5vcmcvMjAwMC9zdmciPjwvc3ZnPg==\" style=\"--smush-placeholder-width: 1024px; --smush-placeholder-aspect-ratio: 1024\/768;\" \/><\/a><\/figure>\n<\/div>\n\n\n\n<div class=\"wp-block-column is-layout-flow wp-block-column-is-layout-flow\">\n<figure class=\"wp-block-image size-large\"><a href=\"http:\/\/camping-daon.fr\/index.php\/presentation-des-chalets\/\"><img decoding=\"async\" width=\"1024\" height=\"768\" data-src=\"https:\/\/camping-daon.fr\/wp-content\/uploads\/2022\/10\/daon-cdt53-sudmayenne-jdobillaud-nautilus2011-9-1024x768.jpg\" alt=\"\" class=\"wp-image-756 lazyload\" data-srcset=\"http:\/\/camping-daon.fr\/wp-content\/uploads\/2022\/10\/daon-cdt53-sudmayenne-jdobillaud-nautilus2011-9-1024x768.jpg 1024w, http:\/\/camping-daon.fr\/wp-content\/uploads\/2022\/10\/daon-cdt53-sudmayenne-jdobillaud-nautilus2011-9-300x225.jpg 300w, http:\/\/camping-daon.fr\/wp-content\/uploads\/2022\/10\/daon-cdt53-sudmayenne-jdobillaud-nautilus2011-9-768x576.jpg 768w, http:\/\/camping-daon.fr\/wp-content\/uploads\/2022\/10\/daon-cdt53-sudmayenne-jdobillaud-nautilus2011-9.jpg 1536w\" data-sizes=\"(max-width: 1024px) 100vw, 1024px\" src=\"data:image\/svg+xml;base64,PHN2ZyB3aWR0aD0iMSIgaGVpZ2h0PSIxIiB4bWxucz0iaHR0cDovL3d3dy53My5vcmcvMjAwMC9zdmciPjwvc3ZnPg==\" style=\"--smush-placeholder-width: 1024px; --smush-placeholder-aspect-ratio: 1024\/768;\" \/><\/a><\/figure>\n<\/div>\n<\/div>\n\n\n\n<p class=\"has-text-align-center\">Le&nbsp;<mark style=\"background-color:rgba(0, 0, 0, 0);color:#8224e3\" class=\"has-inline-color\"><strong>Camping des Rivi\u00e8res<\/strong>***<\/mark> de&nbsp;<strong><mark style=\"background-color:rgba(0, 0, 0, 0);color:#8224e3\" class=\"has-inline-color\">Daon<\/mark><\/strong>&nbsp;en&nbsp;<strong><mark style=\"background-color:rgba(0, 0, 0, 0);color:#8224e3\" class=\"has-inline-color\">Mayenne<\/mark><\/strong>&nbsp;compte 2 hectares de terrain enti\u00e8rement clos au sein duquel <strong><mark style=\"background-color:rgba(0, 0, 0, 0);color:#8224e3\" class=\"has-inline-color\">40 emplacements <\/mark><\/strong>ombrag\u00e9s et d\u00e9limit\u00e9s en bordure de la&nbsp;<strong><mark style=\"background-color:rgba(0, 0, 0, 0);color:#8224e3\" class=\"has-inline-color\">rivi\u00e8re La Mayenne<\/mark><\/strong>&nbsp;peuvent accueillir tentes, caravanes et camping-cars, ainsi que <strong><mark style=\"background-color:rgba(0, 0, 0, 0);color:#8224e3\" class=\"has-inline-color\">10 chalets <\/mark><\/strong>tout confort, chacun disposant de son terrain privatif. <\/p>\n\n\n\n<div style=\"height:50px\" aria-hidden=\"true\" class=\"wp-block-spacer\"><\/div>\n\n\n\n<p class=\"has-text-align-center\"><mark style=\"background-color:rgba(0, 0, 0, 0)\" class=\"has-inline-color has-vivid-purple-color\"><strong>Le Camping des Rivi\u00e8res***<\/strong><\/mark> dispose \u00e9galement d&#8217;une piscine non couverte, chauff\u00e9e et ouverte de mai \u00e0 mi-septembre. <\/p>\n\n\n<div class=\"wp-block-image\">\n<figure class=\"aligncenter size-full is-resized\"><img decoding=\"async\" width=\"1024\" height=\"681\" data-src=\"http:\/\/camping-daon.fr\/wp-content\/uploads\/2021\/11\/DAON-d3s_DSC5385_00018.jpg\" alt=\"\" class=\"wp-image-457 lazyload\" style=\"--smush-placeholder-width: 1024px; --smush-placeholder-aspect-ratio: 1024\/681;width:610px;height:405px\" data-srcset=\"http:\/\/camping-daon.fr\/wp-content\/uploads\/2021\/11\/DAON-d3s_DSC5385_00018.jpg 1024w, http:\/\/camping-daon.fr\/wp-content\/uploads\/2021\/11\/DAON-d3s_DSC5385_00018-300x200.jpg 300w, http:\/\/camping-daon.fr\/wp-content\/uploads\/2021\/11\/DAON-d3s_DSC5385_00018-768x511.jpg 768w\" data-sizes=\"(max-width: 1024px) 100vw, 1024px\" src=\"data:image\/svg+xml;base64,PHN2ZyB3aWR0aD0iMSIgaGVpZ2h0PSIxIiB4bWxucz0iaHR0cDovL3d3dy53My5vcmcvMjAwMC9zdmciPjwvc3ZnPg==\" \/><figcaption class=\"wp-element-caption\">La Piscine chauff\u00e9e<\/figcaption><\/figure><\/div>\n\n\n<hr class=\"wp-block-separator has-alpha-channel-opacity\"\/>\n\n\n\n<div style=\"height:30px\" aria-hidden=\"true\" class=\"wp-block-spacer\"><\/div>\n\n\n\n<h2 class=\"wp-block-heading has-text-align-center\"><mark style=\"background-color:rgba(0, 0, 0, 0);color:#8124e4\" class=\"has-inline-color\">Consultez nos brochures<\/mark><\/h2>\n\n\n\n<div style=\"height:30px\" aria-hidden=\"true\" class=\"wp-block-spacer\"><\/div>\n\n\n\n<div class=\"wp-block-columns is-layout-flex wp-container-core-columns-is-layout-2 wp-block-columns-is-layout-flex\">\n<div class=\"wp-block-column is-layout-flow wp-block-column-is-layout-flow\">\n<div style=\"text-align:center;\"><div style=\"margin:8px 0px 4px;\"><a href=\"https:\/\/www.calameo.com\/books\/000203950ab4e6a3194a9\" target=\"_blank\">Brochure Daon 2026<\/a><\/div><iframe data-src=\"\/\/v.calameo.com\/?bkcode=000203950ab4e6a3194a9&#038;mode=mini\" width=\"480\" height=\"300\" frameborder=\"0\" scrolling=\"no\" allowtransparency allowfullscreen style=\"margin:0 auto;\" src=\"data:image\/svg+xml;base64,PHN2ZyB3aWR0aD0iMSIgaGVpZ2h0PSIxIiB4bWxucz0iaHR0cDovL3d3dy53My5vcmcvMjAwMC9zdmciPjwvc3ZnPg==\" class=\"lazyload\" data-load-mode=\"1\"><\/iframe><div style=\"margin:4px 0px 8px;\"><a href=\"http:\/\/www.calameo.com\/\" target=\"_blank\">Lire plus de publications sur Calam\u00e9o<\/a><\/div><\/div>\n<\/div>\n\n\n\n<div class=\"wp-block-column is-layout-flow wp-block-column-is-layout-flow\">\n<div style=\"text-align:center;\"><div style=\"margin:8px 0px 4px;\"><a href=\"https:\/\/www.calameo.com\/books\/000203950644a933358ab\" target=\"_blank\">Brochure Daon Anglais 2026<\/a><\/div><iframe data-src=\"\/\/v.calameo.com\/?bkcode=000203950644a933358ab&#038;mode=mini\" width=\"480\" height=\"300\" frameborder=\"0\" scrolling=\"no\" allowtransparency allowfullscreen style=\"margin:0 auto;\" src=\"data:image\/svg+xml;base64,PHN2ZyB3aWR0aD0iMSIgaGVpZ2h0PSIxIiB4bWxucz0iaHR0cDovL3d3dy53My5vcmcvMjAwMC9zdmciPjwvc3ZnPg==\" class=\"lazyload\" data-load-mode=\"1\"><\/iframe><div style=\"margin:4px 0px 8px;\"><a href=\"http:\/\/www.calameo.com\/\" target=\"_blank\">Lire plus de publications sur Calam\u00e9o<\/a><\/div><\/div>\n<\/div>\n<\/div>\n\n\n\n<div class=\"wp-block-columns is-layout-flex wp-container-core-columns-is-layout-3 wp-block-columns-is-layout-flex\">\n<div class=\"wp-block-column is-layout-flow wp-block-column-is-layout-flow\">\n<h4 class=\"wp-block-heading has-text-align-center\"><mark style=\"background-color:rgba(0, 0, 0, 0);color:#8124e4\" class=\"has-inline-color\">Brochure en fran\u00e7ais<\/mark><\/h4>\n<\/div>\n\n\n\n<div class=\"wp-block-column is-layout-flow wp-block-column-is-layout-flow\">\n<h4 class=\"wp-block-heading has-text-align-center\"><mark style=\"background-color:rgba(0, 0, 0, 0);color:#8124e4\" class=\"has-inline-color\">English brochure<\/mark><\/h4>\n<\/div>\n<\/div>\n\n\n\n<div style=\"height:50px\" aria-hidden=\"true\" class=\"wp-block-spacer\"><\/div>\n\n\n\n<hr class=\"wp-block-separator has-alpha-channel-opacity\"\/>\n\n\n\n<h2 class=\"wp-block-heading has-text-align-center\"><mark style=\"background-color:rgba(0, 0, 0, 0)\" class=\"has-inline-color has-vivid-purple-color\">Accueil v\u00e9lo <\/mark><\/h2>\n\n\n\n<p class=\"has-text-align-center\">Id\u00e9alement situ\u00e9 sur l\u2019itin\u00e9raire de la <a data-type=\"URL\" data-id=\"https:\/\/www.lavelofrancette.com\/\" href=\"https:\/\/www.lavelofrancette.com\/\" target=\"_blank\" rel=\"noreferrer noopener\"><strong>Velofrancette <\/strong><\/a>arr\u00eatez-vous une nuit pour vous y reposer&nbsp;<em>(<u>\u00e0 proximit\u00e9<\/u>&nbsp;possibilit\u00e9 de se restaurer)<\/em>&nbsp;\u2013 Arriv\u00e9e tardive possible, nous contacter\u2026<\/p>\n\n\n<div class=\"wp-block-image\">\n<figure class=\"aligncenter size-full\"><img decoding=\"async\" data-src=\"https:\/\/camping-chateau-gontier.fr\/wp-content\/uploads\/2021\/10\/La_Velo_Francette.png\" alt=\"\" class=\"wp-image-405 lazyload\" src=\"data:image\/svg+xml;base64,PHN2ZyB3aWR0aD0iMSIgaGVpZ2h0PSIxIiB4bWxucz0iaHR0cDovL3d3dy53My5vcmcvMjAwMC9zdmciPjwvc3ZnPg==\" \/><\/figure><\/div>\n\n\n<hr class=\"wp-block-separator has-css-opacity\"\/>\n\n\n\n<div style=\"height:50px\" aria-hidden=\"true\" class=\"wp-block-spacer\"><\/div>\n\n\n\n<p style=\"text-align: center;\"><iframe style=\"width: 500px; height: 590px; overflow: hidden;\" data-src=\"\/\/www.facebook.com\/plugins\/likebox.php?href=https%3A%2F%2Fwww.facebook.com%2Fpages%2FCamping-des-Rivi%25C3%25A8res%2F114946232015582%3Ffref%3Dts&amp;width=500&amp;height=590&amp;colorscheme=light&amp;show_faces=true&amp;header=true&amp;stream=true&amp;show_border=true\" scrolling=\"no\" width=\"320\" height=\"240\" frameborder=\"0\" src=\"data:image\/svg+xml;base64,PHN2ZyB3aWR0aD0iMSIgaGVpZ2h0PSIxIiB4bWxucz0iaHR0cDovL3d3dy53My5vcmcvMjAwMC9zdmciPjwvc3ZnPg==\" class=\"lazyload\" data-load-mode=\"1\"><\/iframe><\/p>\n\n\n\n<p class=\"has-text-align-center\"><strong><a href=\"https:\/\/www.plusbeauxdetours.com\/tous-les-plus-beaux-detours\/detour-par-chateau-gontier-en-mayenne\/\">Sur un territoire labellis\u00e9 Plus Beaux D\u00e9tours de France<\/a><\/strong><\/p>\n\n\n\n<figure class=\"wp-block-image size-full\"><img decoding=\"async\" width=\"299\" height=\"431\" data-src=\"https:\/\/camping-daon.fr\/wp-content\/uploads\/2023\/04\/logo-plus-beaux-detours-de-france.jpg\" alt=\"\" class=\"wp-image-831 lazyload\" data-srcset=\"http:\/\/camping-daon.fr\/wp-content\/uploads\/2023\/04\/logo-plus-beaux-detours-de-france.jpg 299w, http:\/\/camping-daon.fr\/wp-content\/uploads\/2023\/04\/logo-plus-beaux-detours-de-france-208x300.jpg 208w\" data-sizes=\"(max-width: 299px) 100vw, 299px\" src=\"data:image\/svg+xml;base64,PHN2ZyB3aWR0aD0iMSIgaGVpZ2h0PSIxIiB4bWxucz0iaHR0cDovL3d3dy53My5vcmcvMjAwMC9zdmciPjwvc3ZnPg==\" style=\"--smush-placeholder-width: 299px; --smush-placeholder-aspect-ratio: 299\/431;\" \/><\/figure>\n","protected":false},"excerpt":{"rendered":"<p>En Mayenne, prenez le temps de profiter de vos vacances ! Sa situation g\u00e9ographique privil\u00e9gi\u00e9e en bordure de la rivi\u00e8re La Mayenne et son paysage attrayant font de&nbsp;Daon&nbsp;un site touristique et une station de vill\u00e9giature tout indiqu\u00e9e.&nbsp;\u00c9vadez-vous au c\u0153ur d\u2019un territoire&nbsp;parmi les \u00ab100 Plus Beaux D\u00e9tours de France \u00bb.&nbsp;Lieu id\u00e9al pour des \u00ab Vacances Vertes [&hellip;]<\/p>\n","protected":false},"author":1,"featured_media":431,"parent":0,"menu_order":0,"comment_status":"closed","ping_status":"closed","template":"","meta":{"footnotes":""},"class_list":["post-32","page","type-page","status-publish","has-post-thumbnail","hentry","entry","has-media"],"yoast_head":"<!-- This site is optimized with the Yoast SEO plugin v26.8 - https:\/\/yoast.com\/product\/yoast-seo-wordpress\/ -->\n<title>Bienvenue au Camping des Rivi\u00e8res*** - 06.78.09.84.35 - Camping des Rivi\u00e8res de Daon<\/title>\n<meta name=\"description\" content=\"Bienvenue au Camping des Rivi\u00e8res \u00e0 Daon en Mayenne. 40 emplacements et 10 chalets en bordure du chemin de halage et de la V\u00e9lo Francette\" \/>\n<meta name=\"robots\" content=\"index, follow, max-snippet:-1, max-image-preview:large, max-video-preview:-1\" \/>\n<link rel=\"canonical\" href=\"https:\/\/camping-daon.fr\/\" \/>\n<meta property=\"og:locale\" content=\"fr_FR\" \/>\n<meta property=\"og:type\" content=\"article\" \/>\n<meta property=\"og:title\" content=\"Bienvenue au Camping des Rivi\u00e8res*** - 06.78.09.84.35 - Camping des Rivi\u00e8res de Daon\" \/>\n<meta property=\"og:description\" content=\"Bienvenue au Camping des Rivi\u00e8res \u00e0 Daon en Mayenne. 40 emplacements et 10 chalets en bordure du chemin de halage et de la V\u00e9lo Francette\" \/>\n<meta property=\"og:url\" content=\"https:\/\/camping-daon.fr\/\" \/>\n<meta property=\"og:site_name\" content=\"Camping des Rivi\u00e8res de Daon\" \/>\n<meta property=\"article:publisher\" content=\"https:\/\/www.facebook.com\/Camping-des-Rivires-Daon--114946232015582\" \/>\n<meta property=\"article:modified_time\" content=\"2025-12-06T14:27:45+00:00\" \/>\n<meta property=\"og:image\" content=\"https:\/\/camping-daon.fr\/wp-content\/uploads\/2021\/10\/bienvenue-au-camping-des-rivieres-v2.jpg\" \/>\n\t<meta property=\"og:image:width\" content=\"1000\" \/>\n\t<meta property=\"og:image:height\" content=\"512\" \/>\n\t<meta property=\"og:image:type\" content=\"image\/jpeg\" \/>\n<meta name=\"twitter:card\" content=\"summary_large_image\" \/>\n<meta name=\"twitter:label1\" content=\"Dur\u00e9e de lecture estim\u00e9e\" \/>\n\t<meta name=\"twitter:data1\" content=\"3 minutes\" \/>\n<script type=\"application\/ld+json\" class=\"yoast-schema-graph\">{\"@context\":\"https:\/\/schema.org\",\"@graph\":[{\"@type\":\"WebPage\",\"@id\":\"https:\/\/camping-daon.fr\/\",\"url\":\"https:\/\/camping-daon.fr\/\",\"name\":\"Bienvenue au Camping des Rivi\u00e8res*** - 06.78.09.84.35 - Camping des Rivi\u00e8res de Daon\",\"isPartOf\":{\"@id\":\"https:\/\/camping-daon.fr\/#website\"},\"primaryImageOfPage\":{\"@id\":\"https:\/\/camping-daon.fr\/#primaryimage\"},\"image\":{\"@id\":\"https:\/\/camping-daon.fr\/#primaryimage\"},\"thumbnailUrl\":\"http:\/\/camping-daon.fr\/wp-content\/uploads\/2021\/10\/bienvenue-au-camping-des-rivieres-v2.jpg\",\"datePublished\":\"2021-06-29T11:55:20+00:00\",\"dateModified\":\"2025-12-06T14:27:45+00:00\",\"description\":\"Bienvenue au Camping des Rivi\u00e8res \u00e0 Daon en Mayenne. 40 emplacements et 10 chalets en bordure du chemin de halage et de la V\u00e9lo Francette\",\"breadcrumb\":{\"@id\":\"https:\/\/camping-daon.fr\/#breadcrumb\"},\"inLanguage\":\"fr-FR\",\"potentialAction\":[{\"@type\":\"ReadAction\",\"target\":[\"https:\/\/camping-daon.fr\/\"]}]},{\"@type\":\"ImageObject\",\"inLanguage\":\"fr-FR\",\"@id\":\"https:\/\/camping-daon.fr\/#primaryimage\",\"url\":\"http:\/\/camping-daon.fr\/wp-content\/uploads\/2021\/10\/bienvenue-au-camping-des-rivieres-v2.jpg\",\"contentUrl\":\"http:\/\/camping-daon.fr\/wp-content\/uploads\/2021\/10\/bienvenue-au-camping-des-rivieres-v2.jpg\",\"width\":1000,\"height\":512},{\"@type\":\"BreadcrumbList\",\"@id\":\"https:\/\/camping-daon.fr\/#breadcrumb\",\"itemListElement\":[{\"@type\":\"ListItem\",\"position\":1,\"name\":\"Accueil\",\"item\":\"https:\/\/camping-daon.fr\/\"},{\"@type\":\"ListItem\",\"position\":2,\"name\":\"Bienvenue au Camping des Rivi\u00e8res*** &#8211; 06.78.09.84.35 &#8211;\"}]},{\"@type\":\"WebSite\",\"@id\":\"https:\/\/camping-daon.fr\/#website\",\"url\":\"https:\/\/camping-daon.fr\/\",\"name\":\"Camping des Rivi\u00e8res de Daon\",\"description\":\"Bienvenue au Camping des Rivi\u00e8res\",\"publisher\":{\"@id\":\"https:\/\/camping-daon.fr\/#organization\"},\"potentialAction\":[{\"@type\":\"SearchAction\",\"target\":{\"@type\":\"EntryPoint\",\"urlTemplate\":\"https:\/\/camping-daon.fr\/?s={search_term_string}\"},\"query-input\":{\"@type\":\"PropertyValueSpecification\",\"valueRequired\":true,\"valueName\":\"search_term_string\"}}],\"inLanguage\":\"fr-FR\"},{\"@type\":\"Organization\",\"@id\":\"https:\/\/camping-daon.fr\/#organization\",\"name\":\"Communaut\u00e9 de Communes du Pays de Ch\u00e2teau-Gontier\",\"url\":\"https:\/\/camping-daon.fr\/\",\"logo\":{\"@type\":\"ImageObject\",\"inLanguage\":\"fr-FR\",\"@id\":\"https:\/\/camping-daon.fr\/#\/schema\/logo\/image\/\",\"url\":\"https:\/\/camping-daon.fr\/wp-content\/uploads\/2021\/06\/cropped-cropped-logo02.jpg\",\"contentUrl\":\"https:\/\/camping-daon.fr\/wp-content\/uploads\/2021\/06\/cropped-cropped-logo02.jpg\",\"width\":512,\"height\":512,\"caption\":\"Communaut\u00e9 de Communes du Pays de Ch\u00e2teau-Gontier\"},\"image\":{\"@id\":\"https:\/\/camping-daon.fr\/#\/schema\/logo\/image\/\"},\"sameAs\":[\"https:\/\/www.facebook.com\/Camping-des-Rivires-Daon--114946232015582\"]}]}<\/script>\n<!-- \/ Yoast SEO plugin. -->","yoast_head_json":{"title":"Bienvenue au Camping des Rivi\u00e8res*** - 06.78.09.84.35 - Camping des Rivi\u00e8res de Daon","description":"Bienvenue au Camping des Rivi\u00e8res \u00e0 Daon en Mayenne. 40 emplacements et 10 chalets en bordure du chemin de halage et de la V\u00e9lo Francette","robots":{"index":"index","follow":"follow","max-snippet":"max-snippet:-1","max-image-preview":"max-image-preview:large","max-video-preview":"max-video-preview:-1"},"canonical":"https:\/\/camping-daon.fr\/","og_locale":"fr_FR","og_type":"article","og_title":"Bienvenue au Camping des Rivi\u00e8res*** - 06.78.09.84.35 - Camping des Rivi\u00e8res de Daon","og_description":"Bienvenue au Camping des Rivi\u00e8res \u00e0 Daon en Mayenne. 40 emplacements et 10 chalets en bordure du chemin de halage et de la V\u00e9lo Francette","og_url":"https:\/\/camping-daon.fr\/","og_site_name":"Camping des Rivi\u00e8res de Daon","article_publisher":"https:\/\/www.facebook.com\/Camping-des-Rivires-Daon--114946232015582","article_modified_time":"2025-12-06T14:27:45+00:00","og_image":[{"width":1000,"height":512,"url":"https:\/\/camping-daon.fr\/wp-content\/uploads\/2021\/10\/bienvenue-au-camping-des-rivieres-v2.jpg","type":"image\/jpeg"}],"twitter_card":"summary_large_image","twitter_misc":{"Dur\u00e9e de lecture estim\u00e9e":"3 minutes"},"schema":{"@context":"https:\/\/schema.org","@graph":[{"@type":"WebPage","@id":"https:\/\/camping-daon.fr\/","url":"https:\/\/camping-daon.fr\/","name":"Bienvenue au Camping des Rivi\u00e8res*** - 06.78.09.84.35 - Camping des Rivi\u00e8res de Daon","isPartOf":{"@id":"https:\/\/camping-daon.fr\/#website"},"primaryImageOfPage":{"@id":"https:\/\/camping-daon.fr\/#primaryimage"},"image":{"@id":"https:\/\/camping-daon.fr\/#primaryimage"},"thumbnailUrl":"http:\/\/camping-daon.fr\/wp-content\/uploads\/2021\/10\/bienvenue-au-camping-des-rivieres-v2.jpg","datePublished":"2021-06-29T11:55:20+00:00","dateModified":"2025-12-06T14:27:45+00:00","description":"Bienvenue au Camping des Rivi\u00e8res \u00e0 Daon en Mayenne. 40 emplacements et 10 chalets en bordure du chemin de halage et de la V\u00e9lo Francette","breadcrumb":{"@id":"https:\/\/camping-daon.fr\/#breadcrumb"},"inLanguage":"fr-FR","potentialAction":[{"@type":"ReadAction","target":["https:\/\/camping-daon.fr\/"]}]},{"@type":"ImageObject","inLanguage":"fr-FR","@id":"https:\/\/camping-daon.fr\/#primaryimage","url":"http:\/\/camping-daon.fr\/wp-content\/uploads\/2021\/10\/bienvenue-au-camping-des-rivieres-v2.jpg","contentUrl":"http:\/\/camping-daon.fr\/wp-content\/uploads\/2021\/10\/bienvenue-au-camping-des-rivieres-v2.jpg","width":1000,"height":512},{"@type":"BreadcrumbList","@id":"https:\/\/camping-daon.fr\/#breadcrumb","itemListElement":[{"@type":"ListItem","position":1,"name":"Accueil","item":"https:\/\/camping-daon.fr\/"},{"@type":"ListItem","position":2,"name":"Bienvenue au Camping des Rivi\u00e8res*** &#8211; 06.78.09.84.35 &#8211;"}]},{"@type":"WebSite","@id":"https:\/\/camping-daon.fr\/#website","url":"https:\/\/camping-daon.fr\/","name":"Camping des Rivi\u00e8res de Daon","description":"Bienvenue au Camping des Rivi\u00e8res","publisher":{"@id":"https:\/\/camping-daon.fr\/#organization"},"potentialAction":[{"@type":"SearchAction","target":{"@type":"EntryPoint","urlTemplate":"https:\/\/camping-daon.fr\/?s={search_term_string}"},"query-input":{"@type":"PropertyValueSpecification","valueRequired":true,"valueName":"search_term_string"}}],"inLanguage":"fr-FR"},{"@type":"Organization","@id":"https:\/\/camping-daon.fr\/#organization","name":"Communaut\u00e9 de Communes du Pays de Ch\u00e2teau-Gontier","url":"https:\/\/camping-daon.fr\/","logo":{"@type":"ImageObject","inLanguage":"fr-FR","@id":"https:\/\/camping-daon.fr\/#\/schema\/logo\/image\/","url":"https:\/\/camping-daon.fr\/wp-content\/uploads\/2021\/06\/cropped-cropped-logo02.jpg","contentUrl":"https:\/\/camping-daon.fr\/wp-content\/uploads\/2021\/06\/cropped-cropped-logo02.jpg","width":512,"height":512,"caption":"Communaut\u00e9 de Communes du Pays de Ch\u00e2teau-Gontier"},"image":{"@id":"https:\/\/camping-daon.fr\/#\/schema\/logo\/image\/"},"sameAs":["https:\/\/www.facebook.com\/Camping-des-Rivires-Daon--114946232015582"]}]}},"_links":{"self":[{"href":"http:\/\/camping-daon.fr\/index.php\/wp-json\/wp\/v2\/pages\/32","targetHints":{"allow":["GET"]}}],"collection":[{"href":"http:\/\/camping-daon.fr\/index.php\/wp-json\/wp\/v2\/pages"}],"about":[{"href":"http:\/\/camping-daon.fr\/index.php\/wp-json\/wp\/v2\/types\/page"}],"author":[{"embeddable":true,"href":"http:\/\/camping-daon.fr\/index.php\/wp-json\/wp\/v2\/users\/1"}],"replies":[{"embeddable":true,"href":"http:\/\/camping-daon.fr\/index.php\/wp-json\/wp\/v2\/comments?post=32"}],"version-history":[{"count":41,"href":"http:\/\/camping-daon.fr\/index.php\/wp-json\/wp\/v2\/pages\/32\/revisions"}],"predecessor-version":[{"id":884,"href":"http:\/\/camping-daon.fr\/index.php\/wp-json\/wp\/v2\/pages\/32\/revisions\/884"}],"wp:featuredmedia":[{"embeddable":true,"href":"http:\/\/camping-daon.fr\/index.php\/wp-json\/wp\/v2\/media\/431"}],"wp:attachment":[{"href":"http:\/\/camping-daon.fr\/index.php\/wp-json\/wp\/v2\/media?parent=32"}],"curies":[{"name":"wp","href":"https:\/\/api.w.org\/{rel}","templated":true}]}}