{"id":16,"date":"2021-06-29T13:36:01","date_gmt":"2021-06-29T11:36:01","guid":{"rendered":"http:\/\/camping-daon.fr\/?page_id=16"},"modified":"2025-12-06T15:37:31","modified_gmt":"2025-12-06T14:37:31","slug":"tarifs-du-camping","status":"publish","type":"page","link":"http:\/\/camping-daon.fr\/index.php\/tarifs-du-camping\/","title":{"rendered":"Tarifs du Camping"},"content":{"rendered":"<div class=\"wp-block-image is-style-default\">\n<figure class=\"aligncenter size-full\"><img decoding=\"async\" width=\"642\" height=\"468\" data-src=\"https:\/\/camping-daon.fr\/wp-content\/uploads\/2025\/12\/Capture-tarifs-camping-2026.png\" alt=\"\" class=\"wp-image-893 lazyload\" data-srcset=\"http:\/\/camping-daon.fr\/wp-content\/uploads\/2025\/12\/Capture-tarifs-camping-2026.png 642w, http:\/\/camping-daon.fr\/wp-content\/uploads\/2025\/12\/Capture-tarifs-camping-2026-300x219.png 300w\" data-sizes=\"(max-width: 642px) 100vw, 642px\" src=\"data:image\/svg+xml;base64,PHN2ZyB3aWR0aD0iMSIgaGVpZ2h0PSIxIiB4bWxucz0iaHR0cDovL3d3dy53My5vcmcvMjAwMC9zdmciPjwvc3ZnPg==\" style=\"--smush-placeholder-width: 642px; --smush-placeholder-aspect-ratio: 642\/468;\" \/><\/figure><\/div>\n\n<div class=\"wp-block-image\">\n<figure class=\"aligncenter size-full\"><img decoding=\"async\" width=\"630\" height=\"68\" data-src=\"https:\/\/camping-daon.fr\/wp-content\/uploads\/2025\/12\/Capture-Saisons-2026.png\" alt=\"\" class=\"wp-image-895 lazyload\" data-srcset=\"http:\/\/camping-daon.fr\/wp-content\/uploads\/2025\/12\/Capture-Saisons-2026.png 630w, http:\/\/camping-daon.fr\/wp-content\/uploads\/2025\/12\/Capture-Saisons-2026-300x32.png 300w\" data-sizes=\"(max-width: 630px) 100vw, 630px\" src=\"data:image\/svg+xml;base64,PHN2ZyB3aWR0aD0iMSIgaGVpZ2h0PSIxIiB4bWxucz0iaHR0cDovL3d3dy53My5vcmcvMjAwMC9zdmciPjwvc3ZnPg==\" style=\"--smush-placeholder-width: 630px; --smush-placeholder-aspect-ratio: 630\/68;\" \/><\/figure><\/div>\n\n\n<p class=\"has-text-align-center has-medium-font-size\"><strong>Arriv\u00e9e \/ D\u00e9part 12h<\/strong><\/p>\n\n\n\n<p class=\"has-text-align-center\"><em><span class=\"has-inline-color has-vivid-red-color\"><strong>ATTENTION<\/strong><\/span><\/em><strong><span class=\"has-inline-color has-vivid-red-color\">&nbsp;: conform\u00e9ment au r\u00e8glement int\u00e9rieur, nous n\u2019acceptons pas les caravanes \u00e0 double essieux<\/span><\/strong><\/p>\n\n\n\n<hr class=\"wp-block-separator has-css-opacity\"\/>\n\n\n\n<div class=\"wp-block-group\"><div class=\"wp-block-group__inner-container is-layout-flow wp-block-group-is-layout-flow\">\n<h6 class=\"wp-block-heading has-text-align-center\">R\u00e9servez Votre emplacement En Ligne Via Le Lien Ci-Dessous. Vous Pouvez \u00c9galement Nous Joindre Via La Page \u201c<a href=\"https:\/\/camping-daon.fr\/index.php\/contact\/\">Contact<\/a>\u201c<\/h6>\n\n\n\n<div class=\"wp-block-buttons is-horizontal is-content-justification-center is-layout-flex wp-container-core-buttons-is-layout-1 wp-block-buttons-is-layout-flex\">\n<div class=\"wp-block-button has-custom-width wp-block-button__width-25 is-style-outline is-style-outline--1\"><a class=\"wp-block-button__link has-white-color has-vivid-purple-background-color has-text-color has-background wp-element-button\" href=\"https:\/\/naxiresa.inaxel.com\/etape1-criteres.php?compte=rivieres53\" target=\"_blank\" rel=\"noreferrer noopener\">R\u00c9SERVER<\/a><\/div>\n<\/div>\n<\/div><\/div>\n","protected":false},"excerpt":{"rendered":"<p>Arriv\u00e9e \/ D\u00e9part 12h ATTENTION&nbsp;: conform\u00e9ment au r\u00e8glement int\u00e9rieur, nous n\u2019acceptons pas les caravanes \u00e0 double essieux R\u00e9servez Votre emplacement En Ligne Via Le Lien Ci-Dessous. Vous Pouvez \u00c9galement Nous Joindre Via La Page \u201cContact\u201c<\/p>\n","protected":false},"author":1,"featured_media":0,"parent":0,"menu_order":0,"comment_status":"closed","ping_status":"closed","template":"","meta":{"footnotes":""},"class_list":["post-16","page","type-page","status-publish","hentry","entry"],"yoast_head":"<!-- This site is optimized with the Yoast SEO plugin v26.8 - https:\/\/yoast.com\/product\/yoast-seo-wordpress\/ -->\n<title>Tarifs du Camping - Camping des Rivi\u00e8res de Daon<\/title>\n<meta name=\"robots\" content=\"index, follow, max-snippet:-1, max-image-preview:large, max-video-preview:-1\" \/>\n<link rel=\"canonical\" href=\"https:\/\/camping-daon.fr\/index.php\/tarifs-du-camping\/\" \/>\n<meta property=\"og:locale\" content=\"fr_FR\" \/>\n<meta property=\"og:type\" content=\"article\" \/>\n<meta property=\"og:title\" content=\"Tarifs du Camping - Camping des Rivi\u00e8res de Daon\" \/>\n<meta property=\"og:description\" content=\"Arriv\u00e9e \/ D\u00e9part 12h ATTENTION&nbsp;: conform\u00e9ment au r\u00e8glement int\u00e9rieur, nous n\u2019acceptons pas les caravanes \u00e0 double essieux R\u00e9servez Votre emplacement En Ligne Via Le Lien Ci-Dessous. Vous Pouvez \u00c9galement Nous Joindre Via La Page \u201cContact\u201c\" \/>\n<meta property=\"og:url\" content=\"https:\/\/camping-daon.fr\/index.php\/tarifs-du-camping\/\" \/>\n<meta property=\"og:site_name\" content=\"Camping des Rivi\u00e8res de Daon\" \/>\n<meta property=\"article:publisher\" content=\"https:\/\/www.facebook.com\/Camping-des-Rivires-Daon--114946232015582\" \/>\n<meta property=\"article:modified_time\" content=\"2025-12-06T14:37:31+00:00\" \/>\n<meta property=\"og:image\" content=\"https:\/\/camping-daon.fr\/wp-content\/uploads\/2025\/12\/Capture-tarifs-camping-2026.png\" \/>\n<meta name=\"twitter:card\" content=\"summary_large_image\" \/>\n<meta name=\"twitter:label1\" content=\"Dur\u00e9e de lecture estim\u00e9e\" \/>\n\t<meta name=\"twitter:data1\" content=\"1 minute\" \/>\n<script type=\"application\/ld+json\" class=\"yoast-schema-graph\">{\"@context\":\"https:\/\/schema.org\",\"@graph\":[{\"@type\":\"WebPage\",\"@id\":\"https:\/\/camping-daon.fr\/index.php\/tarifs-du-camping\/\",\"url\":\"https:\/\/camping-daon.fr\/index.php\/tarifs-du-camping\/\",\"name\":\"Tarifs du Camping - Camping des Rivi\u00e8res de Daon\",\"isPartOf\":{\"@id\":\"https:\/\/camping-daon.fr\/#website\"},\"primaryImageOfPage\":{\"@id\":\"https:\/\/camping-daon.fr\/index.php\/tarifs-du-camping\/#primaryimage\"},\"image\":{\"@id\":\"https:\/\/camping-daon.fr\/index.php\/tarifs-du-camping\/#primaryimage\"},\"thumbnailUrl\":\"https:\/\/camping-daon.fr\/wp-content\/uploads\/2025\/12\/Capture-tarifs-camping-2026.png\",\"datePublished\":\"2021-06-29T11:36:01+00:00\",\"dateModified\":\"2025-12-06T14:37:31+00:00\",\"breadcrumb\":{\"@id\":\"https:\/\/camping-daon.fr\/index.php\/tarifs-du-camping\/#breadcrumb\"},\"inLanguage\":\"fr-FR\",\"potentialAction\":[{\"@type\":\"ReadAction\",\"target\":[\"https:\/\/camping-daon.fr\/index.php\/tarifs-du-camping\/\"]}]},{\"@type\":\"ImageObject\",\"inLanguage\":\"fr-FR\",\"@id\":\"https:\/\/camping-daon.fr\/index.php\/tarifs-du-camping\/#primaryimage\",\"url\":\"http:\/\/camping-daon.fr\/wp-content\/uploads\/2025\/12\/Capture-tarifs-camping-2026.png\",\"contentUrl\":\"http:\/\/camping-daon.fr\/wp-content\/uploads\/2025\/12\/Capture-tarifs-camping-2026.png\",\"width\":642,\"height\":468},{\"@type\":\"BreadcrumbList\",\"@id\":\"https:\/\/camping-daon.fr\/index.php\/tarifs-du-camping\/#breadcrumb\",\"itemListElement\":[{\"@type\":\"ListItem\",\"position\":1,\"name\":\"Accueil\",\"item\":\"https:\/\/camping-daon.fr\/\"},{\"@type\":\"ListItem\",\"position\":2,\"name\":\"Tarifs du Camping\"}]},{\"@type\":\"WebSite\",\"@id\":\"https:\/\/camping-daon.fr\/#website\",\"url\":\"https:\/\/camping-daon.fr\/\",\"name\":\"Camping des Rivi\u00e8res de Daon\",\"description\":\"Bienvenue au Camping des Rivi\u00e8res\",\"publisher\":{\"@id\":\"https:\/\/camping-daon.fr\/#organization\"},\"potentialAction\":[{\"@type\":\"SearchAction\",\"target\":{\"@type\":\"EntryPoint\",\"urlTemplate\":\"https:\/\/camping-daon.fr\/?s={search_term_string}\"},\"query-input\":{\"@type\":\"PropertyValueSpecification\",\"valueRequired\":true,\"valueName\":\"search_term_string\"}}],\"inLanguage\":\"fr-FR\"},{\"@type\":\"Organization\",\"@id\":\"https:\/\/camping-daon.fr\/#organization\",\"name\":\"Communaut\u00e9 de Communes du Pays de Ch\u00e2teau-Gontier\",\"url\":\"https:\/\/camping-daon.fr\/\",\"logo\":{\"@type\":\"ImageObject\",\"inLanguage\":\"fr-FR\",\"@id\":\"https:\/\/camping-daon.fr\/#\/schema\/logo\/image\/\",\"url\":\"https:\/\/camping-daon.fr\/wp-content\/uploads\/2021\/06\/cropped-cropped-logo02.jpg\",\"contentUrl\":\"https:\/\/camping-daon.fr\/wp-content\/uploads\/2021\/06\/cropped-cropped-logo02.jpg\",\"width\":512,\"height\":512,\"caption\":\"Communaut\u00e9 de Communes du Pays de Ch\u00e2teau-Gontier\"},\"image\":{\"@id\":\"https:\/\/camping-daon.fr\/#\/schema\/logo\/image\/\"},\"sameAs\":[\"https:\/\/www.facebook.com\/Camping-des-Rivires-Daon--114946232015582\"]}]}<\/script>\n<!-- \/ Yoast SEO plugin. -->","yoast_head_json":{"title":"Tarifs du Camping - Camping des Rivi\u00e8res de Daon","robots":{"index":"index","follow":"follow","max-snippet":"max-snippet:-1","max-image-preview":"max-image-preview:large","max-video-preview":"max-video-preview:-1"},"canonical":"https:\/\/camping-daon.fr\/index.php\/tarifs-du-camping\/","og_locale":"fr_FR","og_type":"article","og_title":"Tarifs du Camping - Camping des Rivi\u00e8res de Daon","og_description":"Arriv\u00e9e \/ D\u00e9part 12h ATTENTION&nbsp;: conform\u00e9ment au r\u00e8glement int\u00e9rieur, nous n\u2019acceptons pas les caravanes \u00e0 double essieux R\u00e9servez Votre emplacement En Ligne Via Le Lien Ci-Dessous. Vous Pouvez \u00c9galement Nous Joindre Via La Page \u201cContact\u201c","og_url":"https:\/\/camping-daon.fr\/index.php\/tarifs-du-camping\/","og_site_name":"Camping des Rivi\u00e8res de Daon","article_publisher":"https:\/\/www.facebook.com\/Camping-des-Rivires-Daon--114946232015582","article_modified_time":"2025-12-06T14:37:31+00:00","og_image":[{"url":"https:\/\/camping-daon.fr\/wp-content\/uploads\/2025\/12\/Capture-tarifs-camping-2026.png","type":"","width":"","height":""}],"twitter_card":"summary_large_image","twitter_misc":{"Dur\u00e9e de lecture estim\u00e9e":"1 minute"},"schema":{"@context":"https:\/\/schema.org","@graph":[{"@type":"WebPage","@id":"https:\/\/camping-daon.fr\/index.php\/tarifs-du-camping\/","url":"https:\/\/camping-daon.fr\/index.php\/tarifs-du-camping\/","name":"Tarifs du Camping - Camping des Rivi\u00e8res de Daon","isPartOf":{"@id":"https:\/\/camping-daon.fr\/#website"},"primaryImageOfPage":{"@id":"https:\/\/camping-daon.fr\/index.php\/tarifs-du-camping\/#primaryimage"},"image":{"@id":"https:\/\/camping-daon.fr\/index.php\/tarifs-du-camping\/#primaryimage"},"thumbnailUrl":"https:\/\/camping-daon.fr\/wp-content\/uploads\/2025\/12\/Capture-tarifs-camping-2026.png","datePublished":"2021-06-29T11:36:01+00:00","dateModified":"2025-12-06T14:37:31+00:00","breadcrumb":{"@id":"https:\/\/camping-daon.fr\/index.php\/tarifs-du-camping\/#breadcrumb"},"inLanguage":"fr-FR","potentialAction":[{"@type":"ReadAction","target":["https:\/\/camping-daon.fr\/index.php\/tarifs-du-camping\/"]}]},{"@type":"ImageObject","inLanguage":"fr-FR","@id":"https:\/\/camping-daon.fr\/index.php\/tarifs-du-camping\/#primaryimage","url":"http:\/\/camping-daon.fr\/wp-content\/uploads\/2025\/12\/Capture-tarifs-camping-2026.png","contentUrl":"http:\/\/camping-daon.fr\/wp-content\/uploads\/2025\/12\/Capture-tarifs-camping-2026.png","width":642,"height":468},{"@type":"BreadcrumbList","@id":"https:\/\/camping-daon.fr\/index.php\/tarifs-du-camping\/#breadcrumb","itemListElement":[{"@type":"ListItem","position":1,"name":"Accueil","item":"https:\/\/camping-daon.fr\/"},{"@type":"ListItem","position":2,"name":"Tarifs du Camping"}]},{"@type":"WebSite","@id":"https:\/\/camping-daon.fr\/#website","url":"https:\/\/camping-daon.fr\/","name":"Camping des Rivi\u00e8res de Daon","description":"Bienvenue au Camping des Rivi\u00e8res","publisher":{"@id":"https:\/\/camping-daon.fr\/#organization"},"potentialAction":[{"@type":"SearchAction","target":{"@type":"EntryPoint","urlTemplate":"https:\/\/camping-daon.fr\/?s={search_term_string}"},"query-input":{"@type":"PropertyValueSpecification","valueRequired":true,"valueName":"search_term_string"}}],"inLanguage":"fr-FR"},{"@type":"Organization","@id":"https:\/\/camping-daon.fr\/#organization","name":"Communaut\u00e9 de Communes du Pays de Ch\u00e2teau-Gontier","url":"https:\/\/camping-daon.fr\/","logo":{"@type":"ImageObject","inLanguage":"fr-FR","@id":"https:\/\/camping-daon.fr\/#\/schema\/logo\/image\/","url":"https:\/\/camping-daon.fr\/wp-content\/uploads\/2021\/06\/cropped-cropped-logo02.jpg","contentUrl":"https:\/\/camping-daon.fr\/wp-content\/uploads\/2021\/06\/cropped-cropped-logo02.jpg","width":512,"height":512,"caption":"Communaut\u00e9 de Communes du Pays de Ch\u00e2teau-Gontier"},"image":{"@id":"https:\/\/camping-daon.fr\/#\/schema\/logo\/image\/"},"sameAs":["https:\/\/www.facebook.com\/Camping-des-Rivires-Daon--114946232015582"]}]}},"_links":{"self":[{"href":"http:\/\/camping-daon.fr\/index.php\/wp-json\/wp\/v2\/pages\/16","targetHints":{"allow":["GET"]}}],"collection":[{"href":"http:\/\/camping-daon.fr\/index.php\/wp-json\/wp\/v2\/pages"}],"about":[{"href":"http:\/\/camping-daon.fr\/index.php\/wp-json\/wp\/v2\/types\/page"}],"author":[{"embeddable":true,"href":"http:\/\/camping-daon.fr\/index.php\/wp-json\/wp\/v2\/users\/1"}],"replies":[{"embeddable":true,"href":"http:\/\/camping-daon.fr\/index.php\/wp-json\/wp\/v2\/comments?post=16"}],"version-history":[{"count":13,"href":"http:\/\/camping-daon.fr\/index.php\/wp-json\/wp\/v2\/pages\/16\/revisions"}],"predecessor-version":[{"id":897,"href":"http:\/\/camping-daon.fr\/index.php\/wp-json\/wp\/v2\/pages\/16\/revisions\/897"}],"wp:attachment":[{"href":"http:\/\/camping-daon.fr\/index.php\/wp-json\/wp\/v2\/media?parent=16"}],"curies":[{"name":"wp","href":"https:\/\/api.w.org\/{rel}","templated":true}]}}