{"id":14,"date":"2021-06-29T13:35:37","date_gmt":"2021-06-29T11:35:37","guid":{"rendered":"http:\/\/camping-daon.fr\/?page_id=14"},"modified":"2025-12-06T15:35:31","modified_gmt":"2025-12-06T14:35:31","slug":"presentation-du-camping","status":"publish","type":"page","link":"http:\/\/camping-daon.fr\/index.php\/presentation-du-camping\/","title":{"rendered":"Pr\u00e9sentation du Camping"},"content":{"rendered":"\n<h2 class=\"wp-block-heading has-text-align-center\"><mark style=\"background-color:rgba(0, 0, 0, 0)\" class=\"has-inline-color has-vivid-purple-color\">Les emplacements<\/mark><\/h2>\n\n\n\n<hr class=\"wp-block-separator has-alpha-channel-opacity\"\/>\n\n\n\n<p class=\"has-text-align-center\">Au c\u0153ur d\u2019un parc de 2 hectares, le&nbsp;<strong><span style=\"color:#8124e4\" class=\"has-inline-color\">Camping des Rivi\u00e8res&nbsp;***<\/span><\/strong>&nbsp;compte&nbsp;<strong><span style=\"color:#8124e4\" class=\"has-inline-color\">40 emplacements<\/span><\/strong>&nbsp;de 100 m\u00b2 chacun, arbor\u00e9s, proches de la<strong>&nbsp;<\/strong>rivi\u00e8re&nbsp;la<strong>&nbsp;<span style=\"color:#8124e4\" class=\"has-inline-color\">Mayenne&nbsp;<\/span><\/strong>et de son<span style=\"color:#8124e4\" class=\"has-inline-color\">&nbsp;<strong>chemin de halage<\/strong><\/span>.<\/p>\n\n\n\n<figure class=\"wp-block-gallery has-nested-images columns-default is-cropped wp-block-gallery-1 is-layout-flex wp-block-gallery-is-layout-flex\">\n<figure class=\"wp-block-image size-large\"><img decoding=\"async\" width=\"1024\" height=\"683\" data-id=\"462\" data-src=\"http:\/\/camping-daon.fr\/wp-content\/uploads\/2021\/11\/daon-3.jpg\" alt=\"\" class=\"wp-image-462 lazyload\" data-srcset=\"http:\/\/camping-daon.fr\/wp-content\/uploads\/2021\/11\/daon-3.jpg 1024w, http:\/\/camping-daon.fr\/wp-content\/uploads\/2021\/11\/daon-3-300x200.jpg 300w, http:\/\/camping-daon.fr\/wp-content\/uploads\/2021\/11\/daon-3-768x512.jpg 768w\" data-sizes=\"(max-width: 1024px) 100vw, 1024px\" src=\"data:image\/svg+xml;base64,PHN2ZyB3aWR0aD0iMSIgaGVpZ2h0PSIxIiB4bWxucz0iaHR0cDovL3d3dy53My5vcmcvMjAwMC9zdmciPjwvc3ZnPg==\" style=\"--smush-placeholder-width: 1024px; --smush-placeholder-aspect-ratio: 1024\/683;\" \/><\/figure>\n\n\n\n<figure class=\"wp-block-image size-large\"><img decoding=\"async\" width=\"2000\" height=\"1332\" data-id=\"283\" data-src=\"http:\/\/camping-daon.fr\/wp-content\/uploads\/2021\/07\/cropped-daon-DJI_0106-2-2-scaled-6.jpg\" alt=\"\" class=\"wp-image-283 lazyload\" data-srcset=\"http:\/\/camping-daon.fr\/wp-content\/uploads\/2021\/07\/cropped-daon-DJI_0106-2-2-scaled-6.jpg 2000w, http:\/\/camping-daon.fr\/wp-content\/uploads\/2021\/07\/cropped-daon-DJI_0106-2-2-scaled-6-300x200.jpg 300w, http:\/\/camping-daon.fr\/wp-content\/uploads\/2021\/07\/cropped-daon-DJI_0106-2-2-scaled-6-1024x682.jpg 1024w, http:\/\/camping-daon.fr\/wp-content\/uploads\/2021\/07\/cropped-daon-DJI_0106-2-2-scaled-6-768x511.jpg 768w, http:\/\/camping-daon.fr\/wp-content\/uploads\/2021\/07\/cropped-daon-DJI_0106-2-2-scaled-6-1536x1023.jpg 1536w\" data-sizes=\"(max-width: 2000px) 100vw, 2000px\" src=\"data:image\/svg+xml;base64,PHN2ZyB3aWR0aD0iMSIgaGVpZ2h0PSIxIiB4bWxucz0iaHR0cDovL3d3dy53My5vcmcvMjAwMC9zdmciPjwvc3ZnPg==\" style=\"--smush-placeholder-width: 2000px; --smush-placeholder-aspect-ratio: 2000\/1332;\" \/><\/figure>\n\n\n\n<figure class=\"wp-block-image size-large\"><img decoding=\"async\" width=\"1024\" height=\"768\" data-id=\"460\" data-src=\"http:\/\/camping-daon.fr\/wp-content\/uploads\/2021\/11\/camping-daon-2013-11.jpg\" alt=\"\" class=\"wp-image-460 lazyload\" data-srcset=\"http:\/\/camping-daon.fr\/wp-content\/uploads\/2021\/11\/camping-daon-2013-11.jpg 1024w, http:\/\/camping-daon.fr\/wp-content\/uploads\/2021\/11\/camping-daon-2013-11-300x225.jpg 300w, http:\/\/camping-daon.fr\/wp-content\/uploads\/2021\/11\/camping-daon-2013-11-768x576.jpg 768w\" data-sizes=\"(max-width: 1024px) 100vw, 1024px\" src=\"data:image\/svg+xml;base64,PHN2ZyB3aWR0aD0iMSIgaGVpZ2h0PSIxIiB4bWxucz0iaHR0cDovL3d3dy53My5vcmcvMjAwMC9zdmciPjwvc3ZnPg==\" style=\"--smush-placeholder-width: 1024px; --smush-placeholder-aspect-ratio: 1024\/768;\" \/><\/figure>\n<\/figure>\n\n\n\n<p class=\"has-text-align-center has-white-background-color has-background\"><em><strong>Conform\u00e9ment au r\u00e8glement int\u00e9rieur, les caravanes double essieux ne sont pas admises sur le camping.<\/strong><\/em><\/p>\n\n\n\n<div class=\"wp-block-buttons is-content-justification-center is-layout-flex wp-container-core-buttons-is-layout-1 wp-block-buttons-is-layout-flex\">\n<div class=\"wp-block-button\"><a class=\"wp-block-button__link has-vivid-purple-background-color has-background wp-element-button\" href=\"http:\/\/camping-daon.fr\/index.php\/tarifs-du-camping\/\">D\u00e9couvrir les tarifs <\/a><\/div>\n<\/div>\n\n\n\n<div style=\"height:100px\" aria-hidden=\"true\" class=\"wp-block-spacer\"><\/div>\n\n\n\n<h2 class=\"wp-block-heading has-text-align-center\"><mark style=\"background-color:rgba(0, 0, 0, 0)\" class=\"has-inline-color has-vivid-purple-color\">De nombreux services<\/mark><\/h2>\n\n\n\n<hr class=\"wp-block-separator has-alpha-channel-opacity\"\/>\n\n\n\n<h3 class=\"wp-block-heading has-small-font-size\"><mark style=\"background-color:rgba(0, 0, 0, 0)\" class=\"has-inline-color has-black-color\"><strong><u>Services sur le camping<\/u><\/strong><\/mark><\/h3>\n\n\n\n<ul class=\"wp-block-list\">\n<li>Prise \u00e9lectrique 10 A sur chaque emplacement<\/li>\n\n\n\n<li>Wifi gratuit : vous avez d\u00e9sormais la possibilit\u00e9 de rester connect\u00e9 \u00e0 tout moment<\/li>\n\n\n\n<li>Personnes \u00e0 mobilit\u00e9 r\u00e9duite : sanitaires et emplacements accessibles<\/li>\n\n\n\n<li>Piscine non couverte mais chauff\u00e9e, ouverte de mai \u00e0 mi-septembre<\/li>\n\n\n\n<li>Salle de jeux et TV<\/li>\n\n\n\n<li>Animations en juillet \/ ao\u00fbt<\/li>\n\n\n\n<li>Lave linge et s\u00e8che linge collectif<\/li>\n\n\n\n<li>Barbecue collectif<\/li>\n\n\n\n<li>Vente de glaces et de pains de glace<\/li>\n\n\n\n<li>Location de salle 40 personnes (hors juillet \/ ao\u00fbt)<\/li>\n<\/ul>\n\n\n\n<p><strong>Nos amis les chiens sont accept\u00e9s sur le camping sur pr\u00e9sentation d\u2019un carnet de vaccination (hors cat\u00e9gories 1et 2 qui ne sont pas autoris\u00e9es). Ils doivent \u00eatre tenus en laisse.<\/strong><\/p>\n\n\n\n<div style=\"height:100px\" aria-hidden=\"true\" class=\"wp-block-spacer\"><\/div>\n\n\n\n<h2 class=\"wp-block-heading has-text-align-center\"><mark style=\"background-color:rgba(0, 0, 0, 0);color:#8124e4\" class=\"has-inline-color\">le camping des rivi\u00e8res***<\/mark> <mark style=\"background-color:rgba(0, 0, 0, 0)\" class=\"has-inline-color has-vivid-purple-color\">en photos<\/mark><\/h2>\n\n\n\n<hr class=\"wp-block-separator has-css-opacity\"\/>\n\n\n\n<figure class=\"wp-block-gallery aligncenter has-nested-images columns-4 is-cropped wp-block-gallery-2 is-layout-flex wp-block-gallery-is-layout-flex\">\n<figure class=\"wp-block-image size-large\"><img decoding=\"async\" width=\"1024\" height=\"683\" data-id=\"463\" data-src=\"http:\/\/camping-daon.fr\/wp-content\/uploads\/2021\/11\/Photo-Accueil.jpg\" alt=\"\" class=\"wp-image-463 lazyload\" data-srcset=\"http:\/\/camping-daon.fr\/wp-content\/uploads\/2021\/11\/Photo-Accueil.jpg 1024w, http:\/\/camping-daon.fr\/wp-content\/uploads\/2021\/11\/Photo-Accueil-300x200.jpg 300w, http:\/\/camping-daon.fr\/wp-content\/uploads\/2021\/11\/Photo-Accueil-768x512.jpg 768w\" data-sizes=\"(max-width: 1024px) 100vw, 1024px\" src=\"data:image\/svg+xml;base64,PHN2ZyB3aWR0aD0iMSIgaGVpZ2h0PSIxIiB4bWxucz0iaHR0cDovL3d3dy53My5vcmcvMjAwMC9zdmciPjwvc3ZnPg==\" style=\"--smush-placeholder-width: 1024px; --smush-placeholder-aspect-ratio: 1024\/683;\" \/><figcaption class=\"wp-element-caption\">L&#8217;accueil<\/figcaption><\/figure>\n\n\n\n<figure class=\"wp-block-image size-large\"><img decoding=\"async\" width=\"1024\" height=\"683\" data-id=\"462\" data-src=\"http:\/\/camping-daon.fr\/wp-content\/uploads\/2021\/11\/daon-3.jpg\" alt=\"\" class=\"wp-image-462 lazyload\" data-srcset=\"http:\/\/camping-daon.fr\/wp-content\/uploads\/2021\/11\/daon-3.jpg 1024w, http:\/\/camping-daon.fr\/wp-content\/uploads\/2021\/11\/daon-3-300x200.jpg 300w, http:\/\/camping-daon.fr\/wp-content\/uploads\/2021\/11\/daon-3-768x512.jpg 768w\" data-sizes=\"(max-width: 1024px) 100vw, 1024px\" src=\"data:image\/svg+xml;base64,PHN2ZyB3aWR0aD0iMSIgaGVpZ2h0PSIxIiB4bWxucz0iaHR0cDovL3d3dy53My5vcmcvMjAwMC9zdmciPjwvc3ZnPg==\" style=\"--smush-placeholder-width: 1024px; --smush-placeholder-aspect-ratio: 1024\/683;\" \/><figcaption class=\"wp-element-caption\">Les emplacements<\/figcaption><\/figure>\n\n\n\n<figure class=\"wp-block-image size-large\"><img decoding=\"async\" width=\"1024\" height=\"683\" data-id=\"461\" data-src=\"http:\/\/camping-daon.fr\/wp-content\/uploads\/2021\/11\/daon-2.jpg\" alt=\"\" class=\"wp-image-461 lazyload\" data-srcset=\"http:\/\/camping-daon.fr\/wp-content\/uploads\/2021\/11\/daon-2.jpg 1024w, http:\/\/camping-daon.fr\/wp-content\/uploads\/2021\/11\/daon-2-300x200.jpg 300w, http:\/\/camping-daon.fr\/wp-content\/uploads\/2021\/11\/daon-2-768x512.jpg 768w\" data-sizes=\"(max-width: 1024px) 100vw, 1024px\" src=\"data:image\/svg+xml;base64,PHN2ZyB3aWR0aD0iMSIgaGVpZ2h0PSIxIiB4bWxucz0iaHR0cDovL3d3dy53My5vcmcvMjAwMC9zdmciPjwvc3ZnPg==\" style=\"--smush-placeholder-width: 1024px; --smush-placeholder-aspect-ratio: 1024\/683;\" \/><figcaption class=\"wp-element-caption\">Les emplacements<\/figcaption><\/figure>\n\n\n\n<figure class=\"wp-block-image size-large\"><img decoding=\"async\" width=\"1024\" height=\"768\" data-id=\"460\" data-src=\"http:\/\/camping-daon.fr\/wp-content\/uploads\/2021\/11\/camping-daon-2013-11.jpg\" alt=\"\" class=\"wp-image-460 lazyload\" data-srcset=\"http:\/\/camping-daon.fr\/wp-content\/uploads\/2021\/11\/camping-daon-2013-11.jpg 1024w, http:\/\/camping-daon.fr\/wp-content\/uploads\/2021\/11\/camping-daon-2013-11-300x225.jpg 300w, http:\/\/camping-daon.fr\/wp-content\/uploads\/2021\/11\/camping-daon-2013-11-768x576.jpg 768w\" data-sizes=\"(max-width: 1024px) 100vw, 1024px\" src=\"data:image\/svg+xml;base64,PHN2ZyB3aWR0aD0iMSIgaGVpZ2h0PSIxIiB4bWxucz0iaHR0cDovL3d3dy53My5vcmcvMjAwMC9zdmciPjwvc3ZnPg==\" style=\"--smush-placeholder-width: 1024px; --smush-placeholder-aspect-ratio: 1024\/768;\" \/><figcaption class=\"wp-element-caption\">Les emplacements<\/figcaption><\/figure>\n\n\n\n<figure class=\"wp-block-image size-large\"><img decoding=\"async\" width=\"1024\" height=\"768\" data-id=\"459\" data-src=\"http:\/\/camping-daon.fr\/wp-content\/uploads\/2021\/11\/camping-daon-2013-7.jpg\" alt=\"\" class=\"wp-image-459 lazyload\" data-srcset=\"http:\/\/camping-daon.fr\/wp-content\/uploads\/2021\/11\/camping-daon-2013-7.jpg 1024w, http:\/\/camping-daon.fr\/wp-content\/uploads\/2021\/11\/camping-daon-2013-7-300x225.jpg 300w, http:\/\/camping-daon.fr\/wp-content\/uploads\/2021\/11\/camping-daon-2013-7-768x576.jpg 768w\" data-sizes=\"(max-width: 1024px) 100vw, 1024px\" src=\"data:image\/svg+xml;base64,PHN2ZyB3aWR0aD0iMSIgaGVpZ2h0PSIxIiB4bWxucz0iaHR0cDovL3d3dy53My5vcmcvMjAwMC9zdmciPjwvc3ZnPg==\" style=\"--smush-placeholder-width: 1024px; --smush-placeholder-aspect-ratio: 1024\/768;\" \/><figcaption class=\"wp-element-caption\">Les emplacements<\/figcaption><\/figure>\n\n\n\n<figure class=\"wp-block-image size-large\"><img decoding=\"async\" width=\"1024\" height=\"682\" data-id=\"458\" data-src=\"http:\/\/camping-daon.fr\/wp-content\/uploads\/2021\/11\/daon-DJI_0101-2.jpg\" alt=\"\" class=\"wp-image-458 lazyload\" data-srcset=\"http:\/\/camping-daon.fr\/wp-content\/uploads\/2021\/11\/daon-DJI_0101-2.jpg 1024w, http:\/\/camping-daon.fr\/wp-content\/uploads\/2021\/11\/daon-DJI_0101-2-300x200.jpg 300w, http:\/\/camping-daon.fr\/wp-content\/uploads\/2021\/11\/daon-DJI_0101-2-768x512.jpg 768w\" data-sizes=\"(max-width: 1024px) 100vw, 1024px\" src=\"data:image\/svg+xml;base64,PHN2ZyB3aWR0aD0iMSIgaGVpZ2h0PSIxIiB4bWxucz0iaHR0cDovL3d3dy53My5vcmcvMjAwMC9zdmciPjwvc3ZnPg==\" style=\"--smush-placeholder-width: 1024px; --smush-placeholder-aspect-ratio: 1024\/682;\" \/><figcaption class=\"wp-element-caption\">Vue d&#8217;ensemble<\/figcaption><\/figure>\n\n\n\n<figure class=\"wp-block-image size-large\"><img decoding=\"async\" width=\"1024\" height=\"681\" data-id=\"457\" data-src=\"http:\/\/camping-daon.fr\/wp-content\/uploads\/2021\/11\/DAON-d3s_DSC5385_00018.jpg\" alt=\"\" class=\"wp-image-457 lazyload\" data-srcset=\"http:\/\/camping-daon.fr\/wp-content\/uploads\/2021\/11\/DAON-d3s_DSC5385_00018.jpg 1024w, http:\/\/camping-daon.fr\/wp-content\/uploads\/2021\/11\/DAON-d3s_DSC5385_00018-300x200.jpg 300w, http:\/\/camping-daon.fr\/wp-content\/uploads\/2021\/11\/DAON-d3s_DSC5385_00018-768x511.jpg 768w\" data-sizes=\"(max-width: 1024px) 100vw, 1024px\" src=\"data:image\/svg+xml;base64,PHN2ZyB3aWR0aD0iMSIgaGVpZ2h0PSIxIiB4bWxucz0iaHR0cDovL3d3dy53My5vcmcvMjAwMC9zdmciPjwvc3ZnPg==\" style=\"--smush-placeholder-width: 1024px; --smush-placeholder-aspect-ratio: 1024\/681;\" \/><figcaption class=\"wp-element-caption\">La Piscine Chauff\u00e9e<\/figcaption><\/figure>\n\n\n\n<figure class=\"wp-block-image size-large\"><img decoding=\"async\" width=\"1024\" height=\"684\" data-id=\"456\" data-src=\"http:\/\/camping-daon.fr\/wp-content\/uploads\/2021\/11\/camping-Daon_DSC7467_00001.jpg\" alt=\"\" class=\"wp-image-456 lazyload\" data-srcset=\"http:\/\/camping-daon.fr\/wp-content\/uploads\/2021\/11\/camping-Daon_DSC7467_00001.jpg 1024w, http:\/\/camping-daon.fr\/wp-content\/uploads\/2021\/11\/camping-Daon_DSC7467_00001-300x200.jpg 300w, http:\/\/camping-daon.fr\/wp-content\/uploads\/2021\/11\/camping-Daon_DSC7467_00001-768x513.jpg 768w\" data-sizes=\"(max-width: 1024px) 100vw, 1024px\" src=\"data:image\/svg+xml;base64,PHN2ZyB3aWR0aD0iMSIgaGVpZ2h0PSIxIiB4bWxucz0iaHR0cDovL3d3dy53My5vcmcvMjAwMC9zdmciPjwvc3ZnPg==\" style=\"--smush-placeholder-width: 1024px; --smush-placeholder-aspect-ratio: 1024\/684;\" \/><figcaption class=\"wp-element-caption\">Vue d&#8217;ensemble<\/figcaption><\/figure>\n<\/figure>\n\n\n\n<p><\/p>\n\n\n\n<p class=\"has-text-align-center\"><\/p>\n\n\n\n<hr class=\"wp-block-separator has-css-opacity\"\/>\n\n\n\n<div class=\"wp-block-group\"><div class=\"wp-block-group__inner-container is-layout-flow wp-block-group-is-layout-flow\">\n<h6 class=\"wp-block-heading has-text-align-center\">R\u00e9servez Votre emplacement En Ligne Via Le Lien Ci-Dessous. Vous Pouvez \u00c9galement Nous Joindre Via La Page \u201c<a href=\"https:\/\/camping-daon.fr\/index.php\/contact\/\">Contact<\/a>\u201c<\/h6>\n\n\n\n<div style=\"height:30px\" aria-hidden=\"true\" class=\"wp-block-spacer\"><\/div>\n\n\n\n<div class=\"wp-block-buttons is-horizontal is-content-justification-center is-layout-flex wp-container-core-buttons-is-layout-2 wp-block-buttons-is-layout-flex\">\n<div class=\"wp-block-button has-custom-width wp-block-button__width-25 is-style-outline is-style-outline--3\"><a class=\"wp-block-button__link has-white-color has-vivid-purple-background-color has-text-color has-background wp-element-button\" href=\"https:\/\/naxiresa.inaxel.com\/etape1-criteres.php?compte=rivieres53\" target=\"_blank\" rel=\"noreferrer noopener\">R\u00c9SERVER<\/a><\/div>\n<\/div>\n<\/div><\/div>\n","protected":false},"excerpt":{"rendered":"<p>Les emplacements Au c\u0153ur d\u2019un parc de 2 hectares, le&nbsp;Camping des Rivi\u00e8res&nbsp;***&nbsp;compte&nbsp;40 emplacements&nbsp;de 100 m\u00b2 chacun, arbor\u00e9s, proches de la&nbsp;rivi\u00e8re&nbsp;la&nbsp;Mayenne&nbsp;et de son&nbsp;chemin de halage. Conform\u00e9ment au r\u00e8glement int\u00e9rieur, les caravanes double essieux ne sont pas admises sur le camping. De nombreux services Services sur le camping Nos amis les chiens sont accept\u00e9s sur le camping [&hellip;]<\/p>\n","protected":false},"author":1,"featured_media":0,"parent":0,"menu_order":0,"comment_status":"closed","ping_status":"closed","template":"","meta":{"footnotes":""},"class_list":["post-14","page","type-page","status-publish","hentry","entry"],"yoast_head":"<!-- This site is optimized with the Yoast SEO plugin v26.8 - https:\/\/yoast.com\/product\/yoast-seo-wordpress\/ -->\n<title>Pr\u00e9sentation du Camping - Camping des Rivi\u00e8res de Daon<\/title>\n<meta name=\"robots\" content=\"index, follow, max-snippet:-1, max-image-preview:large, max-video-preview:-1\" \/>\n<link rel=\"canonical\" href=\"https:\/\/camping-daon.fr\/index.php\/presentation-du-camping\/\" \/>\n<meta property=\"og:locale\" content=\"fr_FR\" \/>\n<meta property=\"og:type\" content=\"article\" \/>\n<meta property=\"og:title\" content=\"Pr\u00e9sentation du Camping - Camping des Rivi\u00e8res de Daon\" \/>\n<meta property=\"og:description\" content=\"Les emplacements Au c\u0153ur d\u2019un parc de 2 hectares, le&nbsp;Camping des Rivi\u00e8res&nbsp;***&nbsp;compte&nbsp;40 emplacements&nbsp;de 100 m\u00b2 chacun, arbor\u00e9s, proches de la&nbsp;rivi\u00e8re&nbsp;la&nbsp;Mayenne&nbsp;et de son&nbsp;chemin de halage. Conform\u00e9ment au r\u00e8glement int\u00e9rieur, les caravanes double essieux ne sont pas admises sur le camping. De nombreux services Services sur le camping Nos amis les chiens sont accept\u00e9s sur le camping [&hellip;]\" \/>\n<meta property=\"og:url\" content=\"https:\/\/camping-daon.fr\/index.php\/presentation-du-camping\/\" \/>\n<meta property=\"og:site_name\" content=\"Camping des Rivi\u00e8res de Daon\" \/>\n<meta property=\"article:publisher\" content=\"https:\/\/www.facebook.com\/Camping-des-Rivires-Daon--114946232015582\" \/>\n<meta property=\"article:modified_time\" content=\"2025-12-06T14:35:31+00:00\" \/>\n<meta property=\"og:image\" content=\"http:\/\/camping-daon.fr\/wp-content\/uploads\/2021\/11\/daon-3.jpg\" \/>\n<meta name=\"twitter:card\" content=\"summary_large_image\" \/>\n<meta name=\"twitter:label1\" content=\"Dur\u00e9e de lecture estim\u00e9e\" \/>\n\t<meta name=\"twitter:data1\" content=\"4 minutes\" \/>\n<script type=\"application\/ld+json\" class=\"yoast-schema-graph\">{\"@context\":\"https:\/\/schema.org\",\"@graph\":[{\"@type\":\"WebPage\",\"@id\":\"https:\/\/camping-daon.fr\/index.php\/presentation-du-camping\/\",\"url\":\"https:\/\/camping-daon.fr\/index.php\/presentation-du-camping\/\",\"name\":\"Pr\u00e9sentation du Camping - Camping des Rivi\u00e8res de Daon\",\"isPartOf\":{\"@id\":\"https:\/\/camping-daon.fr\/#website\"},\"primaryImageOfPage\":{\"@id\":\"https:\/\/camping-daon.fr\/index.php\/presentation-du-camping\/#primaryimage\"},\"image\":{\"@id\":\"https:\/\/camping-daon.fr\/index.php\/presentation-du-camping\/#primaryimage\"},\"thumbnailUrl\":\"http:\/\/camping-daon.fr\/wp-content\/uploads\/2021\/11\/daon-3.jpg\",\"datePublished\":\"2021-06-29T11:35:37+00:00\",\"dateModified\":\"2025-12-06T14:35:31+00:00\",\"breadcrumb\":{\"@id\":\"https:\/\/camping-daon.fr\/index.php\/presentation-du-camping\/#breadcrumb\"},\"inLanguage\":\"fr-FR\",\"potentialAction\":[{\"@type\":\"ReadAction\",\"target\":[\"https:\/\/camping-daon.fr\/index.php\/presentation-du-camping\/\"]}]},{\"@type\":\"ImageObject\",\"inLanguage\":\"fr-FR\",\"@id\":\"https:\/\/camping-daon.fr\/index.php\/presentation-du-camping\/#primaryimage\",\"url\":\"http:\/\/camping-daon.fr\/wp-content\/uploads\/2021\/11\/daon-3.jpg\",\"contentUrl\":\"http:\/\/camping-daon.fr\/wp-content\/uploads\/2021\/11\/daon-3.jpg\",\"width\":1024,\"height\":683},{\"@type\":\"BreadcrumbList\",\"@id\":\"https:\/\/camping-daon.fr\/index.php\/presentation-du-camping\/#breadcrumb\",\"itemListElement\":[{\"@type\":\"ListItem\",\"position\":1,\"name\":\"Accueil\",\"item\":\"https:\/\/camping-daon.fr\/\"},{\"@type\":\"ListItem\",\"position\":2,\"name\":\"Pr\u00e9sentation du Camping\"}]},{\"@type\":\"WebSite\",\"@id\":\"https:\/\/camping-daon.fr\/#website\",\"url\":\"https:\/\/camping-daon.fr\/\",\"name\":\"Camping des Rivi\u00e8res de Daon\",\"description\":\"Bienvenue au Camping des Rivi\u00e8res\",\"publisher\":{\"@id\":\"https:\/\/camping-daon.fr\/#organization\"},\"potentialAction\":[{\"@type\":\"SearchAction\",\"target\":{\"@type\":\"EntryPoint\",\"urlTemplate\":\"https:\/\/camping-daon.fr\/?s={search_term_string}\"},\"query-input\":{\"@type\":\"PropertyValueSpecification\",\"valueRequired\":true,\"valueName\":\"search_term_string\"}}],\"inLanguage\":\"fr-FR\"},{\"@type\":\"Organization\",\"@id\":\"https:\/\/camping-daon.fr\/#organization\",\"name\":\"Communaut\u00e9 de Communes du Pays de Ch\u00e2teau-Gontier\",\"url\":\"https:\/\/camping-daon.fr\/\",\"logo\":{\"@type\":\"ImageObject\",\"inLanguage\":\"fr-FR\",\"@id\":\"https:\/\/camping-daon.fr\/#\/schema\/logo\/image\/\",\"url\":\"https:\/\/camping-daon.fr\/wp-content\/uploads\/2021\/06\/cropped-cropped-logo02.jpg\",\"contentUrl\":\"https:\/\/camping-daon.fr\/wp-content\/uploads\/2021\/06\/cropped-cropped-logo02.jpg\",\"width\":512,\"height\":512,\"caption\":\"Communaut\u00e9 de Communes du Pays de Ch\u00e2teau-Gontier\"},\"image\":{\"@id\":\"https:\/\/camping-daon.fr\/#\/schema\/logo\/image\/\"},\"sameAs\":[\"https:\/\/www.facebook.com\/Camping-des-Rivires-Daon--114946232015582\"]}]}<\/script>\n<!-- \/ Yoast SEO plugin. -->","yoast_head_json":{"title":"Pr\u00e9sentation du Camping - Camping des Rivi\u00e8res de Daon","robots":{"index":"index","follow":"follow","max-snippet":"max-snippet:-1","max-image-preview":"max-image-preview:large","max-video-preview":"max-video-preview:-1"},"canonical":"https:\/\/camping-daon.fr\/index.php\/presentation-du-camping\/","og_locale":"fr_FR","og_type":"article","og_title":"Pr\u00e9sentation du Camping - Camping des Rivi\u00e8res de Daon","og_description":"Les emplacements Au c\u0153ur d\u2019un parc de 2 hectares, le&nbsp;Camping des Rivi\u00e8res&nbsp;***&nbsp;compte&nbsp;40 emplacements&nbsp;de 100 m\u00b2 chacun, arbor\u00e9s, proches de la&nbsp;rivi\u00e8re&nbsp;la&nbsp;Mayenne&nbsp;et de son&nbsp;chemin de halage. Conform\u00e9ment au r\u00e8glement int\u00e9rieur, les caravanes double essieux ne sont pas admises sur le camping. De nombreux services Services sur le camping Nos amis les chiens sont accept\u00e9s sur le camping [&hellip;]","og_url":"https:\/\/camping-daon.fr\/index.php\/presentation-du-camping\/","og_site_name":"Camping des Rivi\u00e8res de Daon","article_publisher":"https:\/\/www.facebook.com\/Camping-des-Rivires-Daon--114946232015582","article_modified_time":"2025-12-06T14:35:31+00:00","og_image":[{"url":"http:\/\/camping-daon.fr\/wp-content\/uploads\/2021\/11\/daon-3.jpg","type":"","width":"","height":""}],"twitter_card":"summary_large_image","twitter_misc":{"Dur\u00e9e de lecture estim\u00e9e":"4 minutes"},"schema":{"@context":"https:\/\/schema.org","@graph":[{"@type":"WebPage","@id":"https:\/\/camping-daon.fr\/index.php\/presentation-du-camping\/","url":"https:\/\/camping-daon.fr\/index.php\/presentation-du-camping\/","name":"Pr\u00e9sentation du Camping - Camping des Rivi\u00e8res de Daon","isPartOf":{"@id":"https:\/\/camping-daon.fr\/#website"},"primaryImageOfPage":{"@id":"https:\/\/camping-daon.fr\/index.php\/presentation-du-camping\/#primaryimage"},"image":{"@id":"https:\/\/camping-daon.fr\/index.php\/presentation-du-camping\/#primaryimage"},"thumbnailUrl":"http:\/\/camping-daon.fr\/wp-content\/uploads\/2021\/11\/daon-3.jpg","datePublished":"2021-06-29T11:35:37+00:00","dateModified":"2025-12-06T14:35:31+00:00","breadcrumb":{"@id":"https:\/\/camping-daon.fr\/index.php\/presentation-du-camping\/#breadcrumb"},"inLanguage":"fr-FR","potentialAction":[{"@type":"ReadAction","target":["https:\/\/camping-daon.fr\/index.php\/presentation-du-camping\/"]}]},{"@type":"ImageObject","inLanguage":"fr-FR","@id":"https:\/\/camping-daon.fr\/index.php\/presentation-du-camping\/#primaryimage","url":"http:\/\/camping-daon.fr\/wp-content\/uploads\/2021\/11\/daon-3.jpg","contentUrl":"http:\/\/camping-daon.fr\/wp-content\/uploads\/2021\/11\/daon-3.jpg","width":1024,"height":683},{"@type":"BreadcrumbList","@id":"https:\/\/camping-daon.fr\/index.php\/presentation-du-camping\/#breadcrumb","itemListElement":[{"@type":"ListItem","position":1,"name":"Accueil","item":"https:\/\/camping-daon.fr\/"},{"@type":"ListItem","position":2,"name":"Pr\u00e9sentation du Camping"}]},{"@type":"WebSite","@id":"https:\/\/camping-daon.fr\/#website","url":"https:\/\/camping-daon.fr\/","name":"Camping des Rivi\u00e8res de Daon","description":"Bienvenue au Camping des Rivi\u00e8res","publisher":{"@id":"https:\/\/camping-daon.fr\/#organization"},"potentialAction":[{"@type":"SearchAction","target":{"@type":"EntryPoint","urlTemplate":"https:\/\/camping-daon.fr\/?s={search_term_string}"},"query-input":{"@type":"PropertyValueSpecification","valueRequired":true,"valueName":"search_term_string"}}],"inLanguage":"fr-FR"},{"@type":"Organization","@id":"https:\/\/camping-daon.fr\/#organization","name":"Communaut\u00e9 de Communes du Pays de Ch\u00e2teau-Gontier","url":"https:\/\/camping-daon.fr\/","logo":{"@type":"ImageObject","inLanguage":"fr-FR","@id":"https:\/\/camping-daon.fr\/#\/schema\/logo\/image\/","url":"https:\/\/camping-daon.fr\/wp-content\/uploads\/2021\/06\/cropped-cropped-logo02.jpg","contentUrl":"https:\/\/camping-daon.fr\/wp-content\/uploads\/2021\/06\/cropped-cropped-logo02.jpg","width":512,"height":512,"caption":"Communaut\u00e9 de Communes du Pays de Ch\u00e2teau-Gontier"},"image":{"@id":"https:\/\/camping-daon.fr\/#\/schema\/logo\/image\/"},"sameAs":["https:\/\/www.facebook.com\/Camping-des-Rivires-Daon--114946232015582"]}]}},"_links":{"self":[{"href":"http:\/\/camping-daon.fr\/index.php\/wp-json\/wp\/v2\/pages\/14","targetHints":{"allow":["GET"]}}],"collection":[{"href":"http:\/\/camping-daon.fr\/index.php\/wp-json\/wp\/v2\/pages"}],"about":[{"href":"http:\/\/camping-daon.fr\/index.php\/wp-json\/wp\/v2\/types\/page"}],"author":[{"embeddable":true,"href":"http:\/\/camping-daon.fr\/index.php\/wp-json\/wp\/v2\/users\/1"}],"replies":[{"embeddable":true,"href":"http:\/\/camping-daon.fr\/index.php\/wp-json\/wp\/v2\/comments?post=14"}],"version-history":[{"count":11,"href":"http:\/\/camping-daon.fr\/index.php\/wp-json\/wp\/v2\/pages\/14\/revisions"}],"predecessor-version":[{"id":891,"href":"http:\/\/camping-daon.fr\/index.php\/wp-json\/wp\/v2\/pages\/14\/revisions\/891"}],"wp:attachment":[{"href":"http:\/\/camping-daon.fr\/index.php\/wp-json\/wp\/v2\/media?parent=14"}],"curies":[{"name":"wp","href":"https:\/\/api.w.org\/{rel}","templated":true}]}}