{"id":12,"date":"2021-06-29T13:35:03","date_gmt":"2021-06-29T11:35:03","guid":{"rendered":"http:\/\/camping-daon.fr\/?page_id=12"},"modified":"2022-06-07T09:31:01","modified_gmt":"2022-06-07T07:31:01","slug":"plan-du-camping","status":"publish","type":"page","link":"http:\/\/camping-daon.fr\/index.php\/plan-du-camping\/","title":{"rendered":"Plan du Camping"},"content":{"rendered":"\n<p>Bienvenue \u00e0&nbsp;<strong><span style=\"color:#8124e4\" class=\"has-inline-color\">Daon<\/span><\/strong>&nbsp;en&nbsp;<strong><span style=\"color:#8124e4\" class=\"has-inline-color\">Mayenne<\/span><\/strong>&nbsp;! D\u00e9couvrez le<strong><span style=\"color:#8124e4\" class=\"has-inline-color\">&nbsp;Camping des Rivi\u00e8res***<\/span><\/strong>&nbsp;par vous-m\u00eame avec la visite ci-dessous.<\/p>\n\n\n\n<p style=\"text-align: center;\"><iframe data-src=\"https:\/\/maps.google.com\/maps?layer=c&amp;panoid=F8zTp9LCfd4AAAQfCXAU5A&amp;ie=UTF8&amp;source=embed&amp;output=svembed&amp;cbp=13%2C344.01464999999996%2C%2C0%2C0\" width=\"1000\" height=\"480\" frameborder=\"0\" marginwidth=\"0\" marginheight=\"0\" scrolling=\"no\" src=\"data:image\/svg+xml;base64,PHN2ZyB3aWR0aD0iMSIgaGVpZ2h0PSIxIiB4bWxucz0iaHR0cDovL3d3dy53My5vcmcvMjAwMC9zdmciPjwvc3ZnPg==\" class=\"lazyload\" data-load-mode=\"1\"><\/iframe><\/p>\n\n\n\n<hr class=\"wp-block-separator has-css-opacity\"\/>\n\n\n\n<h6 class=\"has-text-align-center wp-block-heading\"><mark style=\"background-color:rgba(0, 0, 0, 0);color:#8124e4\" class=\"has-inline-color\">Le camping des rivi\u00e8res*** vous propose 40 emplacements ombrag\u00e9s<\/mark><\/h6>\n\n\n<div class=\"wp-block-image\">\n<figure class=\"aligncenter size-full\"><img decoding=\"async\" width=\"1008\" height=\"506\" data-src=\"http:\/\/camping-daon.fr\/wp-content\/uploads\/2021\/12\/plan-localisation-emplacements.jpg\" alt=\"\" class=\"wp-image-534 lazyload\" data-srcset=\"http:\/\/camping-daon.fr\/wp-content\/uploads\/2021\/12\/plan-localisation-emplacements.jpg 1008w, http:\/\/camping-daon.fr\/wp-content\/uploads\/2021\/12\/plan-localisation-emplacements-300x151.jpg 300w, http:\/\/camping-daon.fr\/wp-content\/uploads\/2021\/12\/plan-localisation-emplacements-768x386.jpg 768w\" data-sizes=\"(max-width: 1008px) 100vw, 1008px\" src=\"data:image\/svg+xml;base64,PHN2ZyB3aWR0aD0iMSIgaGVpZ2h0PSIxIiB4bWxucz0iaHR0cDovL3d3dy53My5vcmcvMjAwMC9zdmciPjwvc3ZnPg==\" style=\"--smush-placeholder-width: 1008px; --smush-placeholder-aspect-ratio: 1008\/506;\" \/><\/figure><\/div>\n\n\n<hr class=\"wp-block-separator has-css-opacity\"\/>\n\n\n\n<div class=\"wp-block-group\"><div class=\"wp-block-group__inner-container is-layout-flow wp-block-group-is-layout-flow\">\n<h6 class=\"has-text-align-center wp-block-heading\">R\u00e9servez Votre Chalet En Ligne Via Le Lien Ci-Dessous. Vous Pouvez \u00c9galement Nous Joindre Via La Page \u201c<a href=\"https:\/\/camping-daon.fr\/index.php\/contact\/\">Contact<\/a>\u201c<\/h6>\n\n\n\n<div class=\"wp-block-buttons is-horizontal is-content-justification-center is-layout-flex wp-container-core-buttons-is-layout-1 wp-block-buttons-is-layout-flex\">\n<div class=\"wp-block-button has-custom-width wp-block-button__width-25 is-style-outline is-style-outline--1\"><a class=\"wp-block-button__link has-black-color has-vivid-purple-background-color has-text-color has-background\" href=\"https:\/\/naxiresa.inaxel.com\/etape1-criteres.php?compte=rivieres53\" target=\"_blank\" rel=\"noreferrer noopener\">R\u00c9SERVER<\/a><\/div>\n<\/div>\n<\/div><\/div>\n\n\n\n<hr class=\"wp-block-separator has-css-opacity\"\/>\n\n\n\n<p style=\"text-align:center\"><iframe style=\"width: 500px; height: 590px; overflow: hidden;\" data-src=\"\/\/www.facebook.com\/plugins\/likebox.php?href=https%3A%2F%2Fwww.facebook.com%2Fpages%2FCamping-des-Rivi%25C3%25A8res%2F114946232015582%3Ffref%3Dts&amp;width=500&amp;height=590&amp;colorscheme=light&amp;show_faces=true&amp;header=true&amp;stream=true&amp;show_border=true\" scrolling=\"no\" width=\"320\" height=\"240\" frameborder=\"0\" src=\"data:image\/svg+xml;base64,PHN2ZyB3aWR0aD0iMSIgaGVpZ2h0PSIxIiB4bWxucz0iaHR0cDovL3d3dy53My5vcmcvMjAwMC9zdmciPjwvc3ZnPg==\" class=\"lazyload\" data-load-mode=\"1\"><\/iframe><\/p>\n","protected":false},"excerpt":{"rendered":"<p>Bienvenue \u00e0&nbsp;Daon&nbsp;en&nbsp;Mayenne&nbsp;! D\u00e9couvrez le&nbsp;Camping des Rivi\u00e8res***&nbsp;par vous-m\u00eame avec la visite ci-dessous. Le camping des rivi\u00e8res*** vous propose 40 emplacements ombrag\u00e9s R\u00e9servez Votre Chalet En Ligne Via Le Lien Ci-Dessous. Vous Pouvez \u00c9galement Nous Joindre Via La Page \u201cContact\u201c<\/p>\n","protected":false},"author":1,"featured_media":0,"parent":0,"menu_order":0,"comment_status":"closed","ping_status":"closed","template":"","meta":{"footnotes":""},"class_list":["post-12","page","type-page","status-publish","hentry","entry"],"yoast_head":"<!-- This site is optimized with the Yoast SEO plugin v26.8 - https:\/\/yoast.com\/product\/yoast-seo-wordpress\/ -->\n<title>Plan du Camping - Camping des Rivi\u00e8res de Daon<\/title>\n<meta name=\"robots\" content=\"index, follow, max-snippet:-1, max-image-preview:large, max-video-preview:-1\" \/>\n<link rel=\"canonical\" href=\"http:\/\/camping-daon.fr\/index.php\/plan-du-camping\/\" \/>\n<meta property=\"og:locale\" content=\"fr_FR\" \/>\n<meta property=\"og:type\" content=\"article\" \/>\n<meta property=\"og:title\" content=\"Plan du Camping - Camping des Rivi\u00e8res de Daon\" \/>\n<meta property=\"og:description\" content=\"Bienvenue \u00e0&nbsp;Daon&nbsp;en&nbsp;Mayenne&nbsp;! D\u00e9couvrez le&nbsp;Camping des Rivi\u00e8res***&nbsp;par vous-m\u00eame avec la visite ci-dessous. Le camping des rivi\u00e8res*** vous propose 40 emplacements ombrag\u00e9s R\u00e9servez Votre Chalet En Ligne Via Le Lien Ci-Dessous. Vous Pouvez \u00c9galement Nous Joindre Via La Page \u201cContact\u201c\" \/>\n<meta property=\"og:url\" content=\"http:\/\/camping-daon.fr\/index.php\/plan-du-camping\/\" \/>\n<meta property=\"og:site_name\" content=\"Camping des Rivi\u00e8res de Daon\" \/>\n<meta property=\"article:publisher\" content=\"https:\/\/www.facebook.com\/Camping-des-Rivires-Daon--114946232015582\" \/>\n<meta property=\"article:modified_time\" content=\"2022-06-07T07:31:01+00:00\" \/>\n<meta property=\"og:image\" content=\"http:\/\/camping-daon.fr\/wp-content\/uploads\/2021\/12\/plan-localisation-emplacements.jpg\" \/>\n<meta name=\"twitter:card\" content=\"summary_large_image\" \/>\n<meta name=\"twitter:label1\" content=\"Dur\u00e9e de lecture estim\u00e9e\" \/>\n\t<meta name=\"twitter:data1\" content=\"1 minute\" \/>\n<script type=\"application\/ld+json\" class=\"yoast-schema-graph\">{\"@context\":\"https:\/\/schema.org\",\"@graph\":[{\"@type\":\"WebPage\",\"@id\":\"http:\/\/camping-daon.fr\/index.php\/plan-du-camping\/\",\"url\":\"http:\/\/camping-daon.fr\/index.php\/plan-du-camping\/\",\"name\":\"Plan du Camping - Camping des Rivi\u00e8res de Daon\",\"isPartOf\":{\"@id\":\"https:\/\/camping-daon.fr\/#website\"},\"primaryImageOfPage\":{\"@id\":\"http:\/\/camping-daon.fr\/index.php\/plan-du-camping\/#primaryimage\"},\"image\":{\"@id\":\"http:\/\/camping-daon.fr\/index.php\/plan-du-camping\/#primaryimage\"},\"thumbnailUrl\":\"http:\/\/camping-daon.fr\/wp-content\/uploads\/2021\/12\/plan-localisation-emplacements.jpg\",\"datePublished\":\"2021-06-29T11:35:03+00:00\",\"dateModified\":\"2022-06-07T07:31:01+00:00\",\"breadcrumb\":{\"@id\":\"http:\/\/camping-daon.fr\/index.php\/plan-du-camping\/#breadcrumb\"},\"inLanguage\":\"fr-FR\",\"potentialAction\":[{\"@type\":\"ReadAction\",\"target\":[\"http:\/\/camping-daon.fr\/index.php\/plan-du-camping\/\"]}]},{\"@type\":\"ImageObject\",\"inLanguage\":\"fr-FR\",\"@id\":\"http:\/\/camping-daon.fr\/index.php\/plan-du-camping\/#primaryimage\",\"url\":\"http:\/\/camping-daon.fr\/wp-content\/uploads\/2021\/12\/plan-localisation-emplacements.jpg\",\"contentUrl\":\"http:\/\/camping-daon.fr\/wp-content\/uploads\/2021\/12\/plan-localisation-emplacements.jpg\",\"width\":1008,\"height\":506},{\"@type\":\"BreadcrumbList\",\"@id\":\"http:\/\/camping-daon.fr\/index.php\/plan-du-camping\/#breadcrumb\",\"itemListElement\":[{\"@type\":\"ListItem\",\"position\":1,\"name\":\"Accueil\",\"item\":\"https:\/\/camping-daon.fr\/\"},{\"@type\":\"ListItem\",\"position\":2,\"name\":\"Plan du Camping\"}]},{\"@type\":\"WebSite\",\"@id\":\"https:\/\/camping-daon.fr\/#website\",\"url\":\"https:\/\/camping-daon.fr\/\",\"name\":\"Camping des Rivi\u00e8res de Daon\",\"description\":\"Bienvenue au Camping des Rivi\u00e8res\",\"publisher\":{\"@id\":\"https:\/\/camping-daon.fr\/#organization\"},\"potentialAction\":[{\"@type\":\"SearchAction\",\"target\":{\"@type\":\"EntryPoint\",\"urlTemplate\":\"https:\/\/camping-daon.fr\/?s={search_term_string}\"},\"query-input\":{\"@type\":\"PropertyValueSpecification\",\"valueRequired\":true,\"valueName\":\"search_term_string\"}}],\"inLanguage\":\"fr-FR\"},{\"@type\":\"Organization\",\"@id\":\"https:\/\/camping-daon.fr\/#organization\",\"name\":\"Communaut\u00e9 de Communes du Pays de Ch\u00e2teau-Gontier\",\"url\":\"https:\/\/camping-daon.fr\/\",\"logo\":{\"@type\":\"ImageObject\",\"inLanguage\":\"fr-FR\",\"@id\":\"https:\/\/camping-daon.fr\/#\/schema\/logo\/image\/\",\"url\":\"https:\/\/camping-daon.fr\/wp-content\/uploads\/2021\/06\/cropped-cropped-logo02.jpg\",\"contentUrl\":\"https:\/\/camping-daon.fr\/wp-content\/uploads\/2021\/06\/cropped-cropped-logo02.jpg\",\"width\":512,\"height\":512,\"caption\":\"Communaut\u00e9 de Communes du Pays de Ch\u00e2teau-Gontier\"},\"image\":{\"@id\":\"https:\/\/camping-daon.fr\/#\/schema\/logo\/image\/\"},\"sameAs\":[\"https:\/\/www.facebook.com\/Camping-des-Rivires-Daon--114946232015582\"]}]}<\/script>\n<!-- \/ Yoast SEO plugin. -->","yoast_head_json":{"title":"Plan du Camping - Camping des Rivi\u00e8res de Daon","robots":{"index":"index","follow":"follow","max-snippet":"max-snippet:-1","max-image-preview":"max-image-preview:large","max-video-preview":"max-video-preview:-1"},"canonical":"http:\/\/camping-daon.fr\/index.php\/plan-du-camping\/","og_locale":"fr_FR","og_type":"article","og_title":"Plan du Camping - Camping des Rivi\u00e8res de Daon","og_description":"Bienvenue \u00e0&nbsp;Daon&nbsp;en&nbsp;Mayenne&nbsp;! D\u00e9couvrez le&nbsp;Camping des Rivi\u00e8res***&nbsp;par vous-m\u00eame avec la visite ci-dessous. Le camping des rivi\u00e8res*** vous propose 40 emplacements ombrag\u00e9s R\u00e9servez Votre Chalet En Ligne Via Le Lien Ci-Dessous. Vous Pouvez \u00c9galement Nous Joindre Via La Page \u201cContact\u201c","og_url":"http:\/\/camping-daon.fr\/index.php\/plan-du-camping\/","og_site_name":"Camping des Rivi\u00e8res de Daon","article_publisher":"https:\/\/www.facebook.com\/Camping-des-Rivires-Daon--114946232015582","article_modified_time":"2022-06-07T07:31:01+00:00","og_image":[{"url":"http:\/\/camping-daon.fr\/wp-content\/uploads\/2021\/12\/plan-localisation-emplacements.jpg","type":"","width":"","height":""}],"twitter_card":"summary_large_image","twitter_misc":{"Dur\u00e9e de lecture estim\u00e9e":"1 minute"},"schema":{"@context":"https:\/\/schema.org","@graph":[{"@type":"WebPage","@id":"http:\/\/camping-daon.fr\/index.php\/plan-du-camping\/","url":"http:\/\/camping-daon.fr\/index.php\/plan-du-camping\/","name":"Plan du Camping - Camping des Rivi\u00e8res de Daon","isPartOf":{"@id":"https:\/\/camping-daon.fr\/#website"},"primaryImageOfPage":{"@id":"http:\/\/camping-daon.fr\/index.php\/plan-du-camping\/#primaryimage"},"image":{"@id":"http:\/\/camping-daon.fr\/index.php\/plan-du-camping\/#primaryimage"},"thumbnailUrl":"http:\/\/camping-daon.fr\/wp-content\/uploads\/2021\/12\/plan-localisation-emplacements.jpg","datePublished":"2021-06-29T11:35:03+00:00","dateModified":"2022-06-07T07:31:01+00:00","breadcrumb":{"@id":"http:\/\/camping-daon.fr\/index.php\/plan-du-camping\/#breadcrumb"},"inLanguage":"fr-FR","potentialAction":[{"@type":"ReadAction","target":["http:\/\/camping-daon.fr\/index.php\/plan-du-camping\/"]}]},{"@type":"ImageObject","inLanguage":"fr-FR","@id":"http:\/\/camping-daon.fr\/index.php\/plan-du-camping\/#primaryimage","url":"http:\/\/camping-daon.fr\/wp-content\/uploads\/2021\/12\/plan-localisation-emplacements.jpg","contentUrl":"http:\/\/camping-daon.fr\/wp-content\/uploads\/2021\/12\/plan-localisation-emplacements.jpg","width":1008,"height":506},{"@type":"BreadcrumbList","@id":"http:\/\/camping-daon.fr\/index.php\/plan-du-camping\/#breadcrumb","itemListElement":[{"@type":"ListItem","position":1,"name":"Accueil","item":"https:\/\/camping-daon.fr\/"},{"@type":"ListItem","position":2,"name":"Plan du Camping"}]},{"@type":"WebSite","@id":"https:\/\/camping-daon.fr\/#website","url":"https:\/\/camping-daon.fr\/","name":"Camping des Rivi\u00e8res de Daon","description":"Bienvenue au Camping des Rivi\u00e8res","publisher":{"@id":"https:\/\/camping-daon.fr\/#organization"},"potentialAction":[{"@type":"SearchAction","target":{"@type":"EntryPoint","urlTemplate":"https:\/\/camping-daon.fr\/?s={search_term_string}"},"query-input":{"@type":"PropertyValueSpecification","valueRequired":true,"valueName":"search_term_string"}}],"inLanguage":"fr-FR"},{"@type":"Organization","@id":"https:\/\/camping-daon.fr\/#organization","name":"Communaut\u00e9 de Communes du Pays de Ch\u00e2teau-Gontier","url":"https:\/\/camping-daon.fr\/","logo":{"@type":"ImageObject","inLanguage":"fr-FR","@id":"https:\/\/camping-daon.fr\/#\/schema\/logo\/image\/","url":"https:\/\/camping-daon.fr\/wp-content\/uploads\/2021\/06\/cropped-cropped-logo02.jpg","contentUrl":"https:\/\/camping-daon.fr\/wp-content\/uploads\/2021\/06\/cropped-cropped-logo02.jpg","width":512,"height":512,"caption":"Communaut\u00e9 de Communes du Pays de Ch\u00e2teau-Gontier"},"image":{"@id":"https:\/\/camping-daon.fr\/#\/schema\/logo\/image\/"},"sameAs":["https:\/\/www.facebook.com\/Camping-des-Rivires-Daon--114946232015582"]}]}},"_links":{"self":[{"href":"http:\/\/camping-daon.fr\/index.php\/wp-json\/wp\/v2\/pages\/12","targetHints":{"allow":["GET"]}}],"collection":[{"href":"http:\/\/camping-daon.fr\/index.php\/wp-json\/wp\/v2\/pages"}],"about":[{"href":"http:\/\/camping-daon.fr\/index.php\/wp-json\/wp\/v2\/types\/page"}],"author":[{"embeddable":true,"href":"http:\/\/camping-daon.fr\/index.php\/wp-json\/wp\/v2\/users\/1"}],"replies":[{"embeddable":true,"href":"http:\/\/camping-daon.fr\/index.php\/wp-json\/wp\/v2\/comments?post=12"}],"version-history":[{"count":12,"href":"http:\/\/camping-daon.fr\/index.php\/wp-json\/wp\/v2\/pages\/12\/revisions"}],"predecessor-version":[{"id":661,"href":"http:\/\/camping-daon.fr\/index.php\/wp-json\/wp\/v2\/pages\/12\/revisions\/661"}],"wp:attachment":[{"href":"http:\/\/camping-daon.fr\/index.php\/wp-json\/wp\/v2\/media?parent=12"}],"curies":[{"name":"wp","href":"https:\/\/api.w.org\/{rel}","templated":true}]}}